{"id":39,"date":"2021-10-25T19:50:46","date_gmt":"2021-10-25T17:50:46","guid":{"rendered":"http:\/\/asgardiens.org\/index.php\/mesmerize\/"},"modified":"2023-05-08T11:48:06","modified_gmt":"2023-05-08T09:48:06","slug":"mesmerize","status":"publish","type":"page","link":"https:\/\/asgardiens.org\/","title":{"rendered":"Front Page"},"content":{"rendered":"<div  id=\"a-propos\" style=\"background-color: #f5fafd;\" data-label=\"A propos\" data-id=\"about-images-right-section-mc\" data-export-id=\"about-images-right-section-mc\" data-bullets-visibility=\"true\" data-category=\"about\" class=\"about-images-right-section-mc content-section content-section-spacing\"><div  class=\"gridContainer\"> <div  class=\"row middle-sm text-center\"><div  class=\"col-sm-5 content-left-sm\" data-type=\"column\"> <h5  class=\"\">Pourquoi les Asgardiens de France<\/h5> <h2  class=\"\">Pour d\u00e9velopper le r\u00e9seau d\u2019Asgardiens sur le territoire fran\u00e7ais.<\/h2> <p  class=\"\">Nous souhaitons au travers de cette association f\u00e9d\u00e9rer les asgardiens autour des th\u00e9matiques promues par Asgardia.&nbsp;<\/p> <a class=\"button color1\" href=\"https:\/\/asgardiens.org\/index.php\/dons-et-sponsors\" target=\"_self\" data-cp-link=\"1\" rel=\"noopener\">Rejoignez-nous<\/a><\/div> <div  class=\"col-sm-7 space-bottom-xs\"><div  class=\"image-group-side-3-img\"> <a data-cp-link=\"1\" href=\"https:\/\/asgardia.space\/fr\" class=\"top-img-anchor\" target=\"_self\" rel=\"noopener\"><img  decoding=\"async\" class=\"topimg shadow-large\" src=\"https:\/\/asgardiens.org\/wp-content\/uploads\/2021\/10\/asgardia-logo.jpg\" title=\"asgardia-logo\" alt=\"Asgardia logo\"><\/a> <a data-cp-link=\"1\" href=\"https:\/\/asgardia.space\/fr\" class=\"right-img-anchor\" target=\"_self\" rel=\"noopener\"><img  decoding=\"async\" class=\"rightimg shadow-large\" src=\"https:\/\/asgardiens.org\/wp-content\/uploads\/2021\/10\/650x455_bonus-1411-asgradia-flag.jpg\" title=\"650x455_bonus-1411-asgradia-flag\" alt=\"Asgardia flag\"><\/a> <div  class=\"leftimg\"> <a data-cp-link=\"1\" href=\"https:\/\/asgardia.space\/fr\" target=\"_self\" rel=\"noopener\" class=\"\"><img  decoding=\"async\" class=\"shadow-large\" src=\"https:\/\/asgardiens.org\/wp-content\/uploads\/2021\/10\/cropped-asgardia-sat.jpg\" title=\"cropped-asgardia-sat.jpg\" alt=\"\"><\/a><\/div> <\/div><\/div> <\/div><\/div> <\/div><div  id=\"la-team\" style=\"background-color: rgb(255, 255, 255); background-image: none;\" data-label=\"La team\" data-id=\"team-5-mc\" data-export-id=\"team-5-mc\" data-bullets-visibility=\"true\" data-category=\"team\" class=\"team-5-mc content-section content-section-spacing\"><div  class=\"gridContainer\"> <div  class=\"row text-center\"><div  class=\"section-title-col\" data-type=\"column\"> <h5  class=\"\">L\u2019association les Asgardiens de France<\/h5> <h2  class=\"\">Le bureau<\/h2> <p  class=\"lead\">Au service d\u2019un d\u00e9veloppement nouveau, sans aucune fronti\u00e8re.<\/p><\/div> <\/div> <div  class=\"row spaced-cols content-center-sm center-sm\" data-type=\"row\"> <div  class=\"col-xs-12 col-sm-6 col-md-3 col-padding\"> <div  class=\"row \"> <div  data-type=\"column\" class=\"col-xs-12 col-sm-12\"> <img  decoding=\"async\" class=\"round face\" src=\"https:\/\/asgardiens.org\/wp-content\/uploads\/2021\/10\/cropped-cropped-photo-profil-Pascal.jpg\" title=\"cropped-cropped-photo-profil-Pascal.jpg\" alt=\"\"> <h4  class=\"font-500\">Pascal Pierre Combot<\/h4> <p  class=\"italic\">Pr\u00e9sident<\/p> <p  class=\"\">Asgardien R\u00e9sident par conviction envers Asgardia et les g\u00e9n\u00e9rations futures<\/p> <div  class=\"social-icons-group\" data-type=\"group\"> <a href=\"https:\/\/www.facebook.com\/pascal.combot\" target=\"_self\" rel=\"noopener\" class=\"\"><i  class=\"gray fa icon fa-facebook-square\"><\/i><\/a> <a href=\"#\" target=\"_self\" rel=\"noopener\"><i  class=\"gray fa icon fa-twitter-square\"><\/i><\/a> <a href=\"#\" target=\"_self\" rel=\"noopener\"><i  class=\"gray fa icon fa-linkedin-square\"><\/i><\/a> <a href=\"#\" target=\"_self\" rel=\"noopener\"><i  class=\"gray fa icon fa-google-plus-square\"><\/i><\/a><\/div> <\/div><\/div> <\/div> <div  class=\"col-xs-12 col-sm-6 col-md-3 col-padding\"> <div  class=\"row \"> <div  data-type=\"column\" class=\"col-xs-12 col-sm-12\"> <img  decoding=\"async\" class=\"round face\" src=\"https:\/\/asgardiens.org\/wp-content\/uploads\/2021\/10\/cropped-034bbcd0fcde0498b298c88fbdf5c8b4d31881874ddb2ba512587a29a5512cd6.jpg\" title=\"cropped-034bbcd0fcde0498b298c88fbdf5c8b4d31881874ddb2ba512587a29a5512cd6.jpg\" alt=\"\"> <h4  class=\"font-500\">Ivan Rosel<\/h4> <p  class=\"italic\">Secr\u00e9taire<\/p> <p  class=\"\">Le mot d\u2019Ivan.<\/p> <div  class=\"social-icons-group\" data-type=\"group\"> <a  href=\"#\"><i  class=\"gray fa icon fa-facebook-square small\"><\/i><\/a> <a  href=\"#\"><i  class=\"gray fa icon fa-twitter-square small\"><\/i><\/a> <a  href=\"#\"><i  class=\"gray fa icon fa-linkedin-square small\"><\/i><\/a> <a  href=\"#\"><i  class=\"gray fa icon fa-google-plus-square small\"><\/i><\/a><\/div> <\/div><\/div> <\/div> <div  class=\"col-xs-12 col-sm-6 col-md-3 col-padding\"> <div  class=\"row \"> <div  data-type=\"column\" class=\"col-xs-12 col-sm-12\"> <img  decoding=\"async\" class=\"round face\" src=\"https:\/\/asgardiens.org\/wp-content\/uploads\/2021\/10\/cropped-beni-4.jpg\" title=\"cropped-beni-4.jpg\" alt=\"\"> <h4  class=\"font-500\">Benedetto Professo<\/h4> <p  class=\"italic\">Tr\u00e9sorier<\/p> <p  class=\"\">Autant passionn\u00e9 par l\u2019espace que friand \u00e0 l\u2019id\u00e9e de d\u00e9couvrir un nouveau monde.<\/p> <div  class=\"social-icons-group\" data-type=\"group\"> <a href=\"https:\/\/www.facebook.com\/benedetto.professo\" target=\"_self\" rel=\"noopener\" class=\"\"><i  class=\"gray fa icon fa-facebook-square\"><\/i><\/a> <a href=\"https:\/\/twitter.com\/benyprof\" target=\"_self\" rel=\"noopener\" class=\"\"><i  class=\"gray fa icon fa-twitter-square\"><\/i><\/a> <a href=\"https:\/\/www.linkedin.com\/in\/benedetto-professo-52355334\" target=\"_self\" rel=\"noopener\" class=\"\"><i  class=\"gray fa icon fa-linkedin-square\"><\/i><\/a> <a href=\"#\" target=\"_self\" data-reiki-hidden=\"true\" rel=\"noopener\"><i  class=\"gray fa icon fa-google-plus-square\"><\/i><\/a><\/div> <\/div><\/div> <\/div> <\/div> <\/div><\/div><div  id=\"allez\" style=\"background-color: #f5fafd;\" data-label=\"Allez\" data-id=\"cta-blue-section-mc\" data-export-id=\"cta-blue-section-mc\" data-category=\"cta\" class=\"cta-blue-section-mc content-section content-section-spacing le_cocktail white-text\"><div  class=\"gridContainer\"> <div  class=\"row middle-xs\"><div  class=\"col-sm-8 space-bottom-xs\" data-type=\"column\"> <h2  class=\"\">Rejoignez-nous sur Discord!<\/h2> <\/div> <div  class=\"col-sm-4 end-sm\" data-type=\"column\"> <a class=\"button color2\" href=\"https:\/\/discord.gg\/JCCpEPeBNW\" target=\"_self\" data-cp-link=\"1\" rel=\"noopener\">Rejoignez-nous<\/a><\/div> <\/div><\/div> <\/div><div  id=\"les-news\" style=\"background-color: #f5fafd;\" data-label=\"Les news\" data-id=\"blog-section-mc\" data-export-id=\"blog-section-mc\" data-category=\"latest_news\" class=\"blog-section-mc blog-section-standard content-section content-section-spacing\"><div  class=\"gridContainer\"> <div  class=\"row\"><div  data-type=\"column\" class=\"section-title-col\"> <h5  class=\"\">Une histoire dans l\u2019espace\u2026<\/h5> <h2  class=\"\">Les news de l\u2019asso<\/h2> <p  class=\"lead\">N\u2019h\u00e9sitez pas \u00e0 nous soumettre vos articles sur Asgardia, l\u2019espace, une vie plus digitale.<\/p><\/div> <\/div> <div  class=\"row\"> <div  data-type=\"row\" data-dynamic-columns=\"handled\" data-content-shortcode=\"mesmerize_latest_news posts=&quot;3&quot;\">\t\t<div class=\"row center-sm content-left-sm\">\n\t\t\t\t\t<div id=\"post-801\" class=\"col-sm-6 col-md-4 space-bottom space-bottom-xs\">\n\t\t\t\t<div class=\"post-content card y-move bordered\">\n\t\t\t\t\t<div class=\"post-thumbnail\">\n   <a href=\"https:\/\/asgardiens.org\/index.php\/2025\/03\/06\/calendrier-spatial-asgardien-0009\/\" class=\"post-list-item-thumb \">\n      <img width=\"298\" height=\"385\" src=\"https:\/\/asgardiens.org\/wp-content\/uploads\/2025\/03\/515HSSIOGOL._SY385_.jpg\" class=\"attachment-post-thumbnail size-post-thumbnail wp-post-image\" alt=\"Calendrier spatial\" decoding=\"async\" loading=\"lazy\" srcset=\"https:\/\/asgardiens.org\/wp-content\/uploads\/2025\/03\/515HSSIOGOL._SY385_.jpg 298w, https:\/\/asgardiens.org\/wp-content\/uploads\/2025\/03\/515HSSIOGOL._SY385_-232x300.jpg 232w\" sizes=\"(max-width: 298px) 100vw, 298px\" \/>   <\/a>\n<\/div>\n\t\t\t\t\t<div class=\"col-padding col-padding-xs\">\n\t\t\t\t\t\t<h3 class=\"post-title space-bottom-small\">\n\t\t\t\t\t\t\t<a href=\"https:\/\/asgardiens.org\/index.php\/2025\/03\/06\/calendrier-spatial-asgardien-0009\/\" rel=\"bookmark\">\n\t\t\t\t\t\t\t\tD\u00e9couvrez le Calendrier Spatial Asgardien 0009 : Une Ann\u00e9e Sous le Signe du Futur ! \ud83d\ude80\t\t\t\t\t\t\t<\/a>\n\t\t\t\t\t\t<\/h3>\n\t\t\t\t\t\t<p>L\u2019ann\u00e9e 0009 marque une nouvelle \u00e9tape dans l\u2019histoire d\u2019Asgardia, la Nation Spatiale. Pour c\u00e9l\u00e9brer cette ann\u00e9e plac\u00e9e sous le signe de l\u2019innovation et de l\u2019exploration, le Calendrier Spatial Asgardien 0009[&hellip;]<\/p>\n\t\t\t\t\t\t<a class=\"read-more link\" href=\"https:\/\/asgardiens.org\/index.php\/2025\/03\/06\/calendrier-spatial-asgardien-0009\/\">\n\t\t\t\t\t\t\tRead more\t\t\t\t\t\t<\/a>\n\t\t\t\t\t<\/div>\n\t\t\t\t<\/div>\n\t\t\t<\/div>\n\t\t\t\t\t\t<div id=\"post-789\" class=\"col-sm-6 col-md-4 space-bottom space-bottom-xs\">\n\t\t\t\t<div class=\"post-content card y-move bordered\">\n\t\t\t\t\t<div class=\"post-thumbnail\">\n   <a href=\"https:\/\/asgardiens.org\/index.php\/2025\/01\/04\/asgardia-nation-spatiale-projets\/\" class=\"post-list-item-thumb \">\n      <img width=\"1024\" height=\"768\" src=\"https:\/\/asgardiens.org\/wp-content\/uploads\/2025\/01\/3c7a60c8d2cdb892c595a7a305d6a698f5eedb5567e844fd2752cb7d1c13f13e-1024x768.jpg\" class=\"attachment-post-thumbnail size-post-thumbnail wp-post-image\" alt=\"\" decoding=\"async\" loading=\"lazy\" srcset=\"https:\/\/asgardiens.org\/wp-content\/uploads\/2025\/01\/3c7a60c8d2cdb892c595a7a305d6a698f5eedb5567e844fd2752cb7d1c13f13e-1024x768.jpg 1024w, https:\/\/asgardiens.org\/wp-content\/uploads\/2025\/01\/3c7a60c8d2cdb892c595a7a305d6a698f5eedb5567e844fd2752cb7d1c13f13e-300x225.jpg 300w, https:\/\/asgardiens.org\/wp-content\/uploads\/2025\/01\/3c7a60c8d2cdb892c595a7a305d6a698f5eedb5567e844fd2752cb7d1c13f13e-768x576.jpg 768w, https:\/\/asgardiens.org\/wp-content\/uploads\/2025\/01\/3c7a60c8d2cdb892c595a7a305d6a698f5eedb5567e844fd2752cb7d1c13f13e-1536x1152.jpg 1536w, https:\/\/asgardiens.org\/wp-content\/uploads\/2025\/01\/3c7a60c8d2cdb892c595a7a305d6a698f5eedb5567e844fd2752cb7d1c13f13e-1440x1080.jpg 1440w, https:\/\/asgardiens.org\/wp-content\/uploads\/2025\/01\/3c7a60c8d2cdb892c595a7a305d6a698f5eedb5567e844fd2752cb7d1c13f13e.jpg 2048w\" sizes=\"(max-width: 1024px) 100vw, 1024px\" \/>   <\/a>\n<\/div>\n\t\t\t\t\t<div class=\"col-padding col-padding-xs\">\n\t\t\t\t\t\t<h3 class=\"post-title space-bottom-small\">\n\t\t\t\t\t\t\t<a href=\"https:\/\/asgardiens.org\/index.php\/2025\/01\/04\/asgardia-nation-spatiale-projets\/\" rel=\"bookmark\">\n\t\t\t\t\t\t\t\tAnn\u00e9e 0008 pour la Nation Spatiale Asgardia\t\t\t\t\t\t\t<\/a>\n\t\t\t\t\t\t<\/h3>\n\t\t\t\t\t\t<p>Cap 29, 08 &#8212; 30 d\u00e9cembre 24 L&rsquo;ann\u00e9e 0008 a \u00e9t\u00e9 tr\u00e8s fructueuse pour Asgardia. La Nation spatiale Asgardia, qui en est encore \u00e0 ses balbutiements, compte d\u00e9j\u00e0 une population[&hellip;]<\/p>\n\t\t\t\t\t\t<a class=\"read-more link\" href=\"https:\/\/asgardiens.org\/index.php\/2025\/01\/04\/asgardia-nation-spatiale-projets\/\">\n\t\t\t\t\t\t\tRead more\t\t\t\t\t\t<\/a>\n\t\t\t\t\t<\/div>\n\t\t\t\t<\/div>\n\t\t\t<\/div>\n\t\t\t\t\t\t<div id=\"post-785\" class=\"col-sm-6 col-md-4 space-bottom space-bottom-xs\">\n\t\t\t\t<div class=\"post-content card y-move bordered\">\n\t\t\t\t\t<div class=\"post-thumbnail\">\n   <a href=\"https:\/\/asgardiens.org\/index.php\/2024\/08\/31\/adoption-de-la-declaration-dindependance-dasgardia\/\" class=\"post-list-item-thumb \">\n      <img width=\"989\" height=\"989\" src=\"https:\/\/asgardiens.org\/wp-content\/uploads\/2025\/01\/9918c87b5665985cd352c3a1c8862ce3c33e51192072f5192afe7a26d8ed84f8.jpg\" class=\"attachment-post-thumbnail size-post-thumbnail wp-post-image\" alt=\"\" decoding=\"async\" loading=\"lazy\" srcset=\"https:\/\/asgardiens.org\/wp-content\/uploads\/2025\/01\/9918c87b5665985cd352c3a1c8862ce3c33e51192072f5192afe7a26d8ed84f8.jpg 989w, https:\/\/asgardiens.org\/wp-content\/uploads\/2025\/01\/9918c87b5665985cd352c3a1c8862ce3c33e51192072f5192afe7a26d8ed84f8-300x300.jpg 300w, https:\/\/asgardiens.org\/wp-content\/uploads\/2025\/01\/9918c87b5665985cd352c3a1c8862ce3c33e51192072f5192afe7a26d8ed84f8-150x150.jpg 150w, https:\/\/asgardiens.org\/wp-content\/uploads\/2025\/01\/9918c87b5665985cd352c3a1c8862ce3c33e51192072f5192afe7a26d8ed84f8-768x768.jpg 768w\" sizes=\"(max-width: 989px) 100vw, 989px\" \/>   <\/a>\n<\/div>\n\t\t\t\t\t<div class=\"col-padding col-padding-xs\">\n\t\t\t\t\t\t<h3 class=\"post-title space-bottom-small\">\n\t\t\t\t\t\t\t<a href=\"https:\/\/asgardiens.org\/index.php\/2024\/08\/31\/adoption-de-la-declaration-dindependance-dasgardia\/\" rel=\"bookmark\">\n\t\t\t\t\t\t\t\tAdoption de la D\u00e9claration d&rsquo;Ind\u00e9pendance d&rsquo;Asgardia\t\t\t\t\t\t\t<\/a>\n\t\t\t\t\t\t<\/h3>\n\t\t\t\t\t\t<p>Le 12e Conseil Supr\u00eame Spatial s&rsquo;est tenu sur l&rsquo;\u00eele grecque de Corfou le 2 Libra 0008 (13 ao\u00fbt 2024). La r\u00e9union des chefs de toutes les branches du pouvoir de[&hellip;]<\/p>\n\t\t\t\t\t\t<a class=\"read-more link\" href=\"https:\/\/asgardiens.org\/index.php\/2024\/08\/31\/adoption-de-la-declaration-dindependance-dasgardia\/\">\n\t\t\t\t\t\t\tRead more\t\t\t\t\t\t<\/a>\n\t\t\t\t\t<\/div>\n\t\t\t\t<\/div>\n\t\t\t<\/div>\n\t\t\t\t<\/div>\n\t<\/div><\/div> <div  class=\"row\"><div  class=\"text-center\"> <a  class=\"button color1\" data-attr-shortcode=\"href:mesmerize_blog_link\" href=\"https:\/\/asgardiens.org\/?post_type=post\">Voir toutes les news<\/a><\/div> <\/div><\/div><\/div><div  id=\"contact-1\" style=\"background-color: #ffffff;\" data-label=\"Contact\" data-id=\"contact-1-mc\" data-export-id=\"contact-1-mc\" data-bullets-visibility=\"true\" data-category=\"contact\" class=\"contact-1-mc content-section content-section-spacing white-text\" data-parallax-depth=\"20\"><div  class=\"gridContainer\"> <div  class=\"row text-center\"><div  class=\"section-title-col\" data-type=\"column\"> <h5  class=\"\">Connectons nous<\/h5> <h2  class=\"\">Des questions?<\/h2> <p  class=\"lead\">Que ce soit pour nous rejoindre, nous questionner, nous proposer. Utilisez le formulaire!<\/p><img  decoding=\"async\" class=\"custom-image\" src=\"https:\/\/asgardiens.org\/wp-content\/uploads\/2021\/10\/11Plan-de-travail-1-100.jpg\" title=\"Asgardiens de France Logo\" alt=\"Asgardiens de France Logo\"><\/div> <\/div> <div  class=\"row text-center\"> <div  class=\"col-xs-12 col-sm-8 col-sm-offset-2 contact-form-wrapper inline-info\"> <div  class=\"card large-padding\"> <div  class=\"\" data-content-shortcode=\"mesmerize_contact_form shortcode=&quot;contact-form-7 id=&amp;amp;quot;136&amp;amp;quot; title=&amp;amp;quot;Formulaire de contact&amp;amp;quot;&quot;\" data-editable=\"true\">\n<div class=\"wpcf7 no-js\" id=\"wpcf7-f136-o1\" lang=\"fr-FR\" dir=\"ltr\">\n<div class=\"screen-reader-response\"><p role=\"status\" aria-live=\"polite\" aria-atomic=\"true\"><\/p> <ul><\/ul><\/div>\n<form action=\"\/index.php\/wp-json\/wp\/v2\/pages\/39#wpcf7-f136-o1\" method=\"post\" class=\"wpcf7-form init\" aria-label=\"Formulaire de contact\" novalidate=\"novalidate\" data-status=\"init\">\n<div style=\"display: none;\">\n<input type=\"hidden\" name=\"_wpcf7\" value=\"136\" \/>\n<input type=\"hidden\" name=\"_wpcf7_version\" value=\"5.7.6\" \/>\n<input type=\"hidden\" name=\"_wpcf7_locale\" value=\"fr_FR\" \/>\n<input type=\"hidden\" name=\"_wpcf7_unit_tag\" value=\"wpcf7-f136-o1\" \/>\n<input type=\"hidden\" name=\"_wpcf7_container_post\" value=\"0\" \/>\n<input type=\"hidden\" name=\"_wpcf7_posted_data_hash\" value=\"\" \/>\n<\/div>\n<p><label> Votre nom<br \/>\n<span class=\"wpcf7-form-control-wrap\" data-name=\"your-name\"><input size=\"40\" class=\"wpcf7-form-control wpcf7-text wpcf7-validates-as-required\" aria-required=\"true\" aria-invalid=\"false\" value=\"\" type=\"text\" name=\"your-name\" \/><\/span> <\/label>\n<\/p>\n<p><label> Votre e-mail<br \/>\n<span class=\"wpcf7-form-control-wrap\" data-name=\"your-email\"><input size=\"40\" class=\"wpcf7-form-control wpcf7-text wpcf7-email wpcf7-validates-as-required wpcf7-validates-as-email\" aria-required=\"true\" aria-invalid=\"false\" value=\"\" type=\"email\" name=\"your-email\" \/><\/span> <\/label>\n<\/p>\n<p><label> Objet<br \/>\n<span class=\"wpcf7-form-control-wrap\" data-name=\"your-subject\"><input size=\"40\" class=\"wpcf7-form-control wpcf7-text wpcf7-validates-as-required\" aria-required=\"true\" aria-invalid=\"false\" value=\"\" type=\"text\" name=\"your-subject\" \/><\/span> <\/label>\n<\/p>\n<p><label> Votre message (facultatif)<br \/>\n<span class=\"wpcf7-form-control-wrap\" data-name=\"your-message\"><textarea cols=\"40\" rows=\"10\" class=\"wpcf7-form-control wpcf7-textarea\" aria-invalid=\"false\" name=\"your-message\"><\/textarea><\/span> <\/label>\n<\/p>\n<p><input class=\"wpcf7-form-control has-spinner wpcf7-submit\" type=\"submit\" value=\"Envoyer\" \/>\n<\/p><div class=\"wpcf7-response-output\" aria-hidden=\"true\"><\/div>\n<\/form>\n<\/div>\n<\/div><\/div> <\/div><\/div> <\/div><\/div>","protected":false},"excerpt":{"rendered":"<p>Pourquoi les Asgardiens de France Pour d\u00e9velopper le r\u00e9seau d\u2019Asgardiens sur le territoire fran\u00e7ais. Nous souhaitons au travers de cette association f\u00e9d\u00e9rer les asgardiens autour des th\u00e9matiques promues par Asgardia.&nbsp; Rejoignez-nous L\u2019association les Asgardiens de France Le bureau Au service d\u2019un d\u00e9veloppement nouveau, sans aucune fronti\u00e8re. Pascal Pierre Combot Pr\u00e9sident Asgardien R\u00e9sident par conviction envers&hellip; <br \/> <a class=\"read-more\" href=\"https:\/\/asgardiens.org\/index.php\/2024\/08\/31\/adoption-de-la-declaration-dindependance-dasgardia\/\">Lire la suite<\/a><\/p>\n","protected":false},"author":2,"featured_media":0,"parent":0,"menu_order":0,"comment_status":"closed","ping_status":"closed","template":"page-templates\/homepage.php","meta":{"_monsterinsights_skip_tracking":false,"_monsterinsights_sitenote_active":false,"_monsterinsights_sitenote_note":"","_monsterinsights_sitenote_category":0},"yoast_head":"<!-- This site is optimized with the Yoast SEO plugin v20.7 - https:\/\/yoast.com\/wordpress\/plugins\/seo\/ -->\n<title>Front Page - Asgardiens de France<\/title>\n<meta name=\"robots\" content=\"index, follow, max-snippet:-1, max-image-preview:large, max-video-preview:-1\" \/>\n<link rel=\"canonical\" href=\"https:\/\/asgardiens.org\/\" \/>\n<meta property=\"og:locale\" content=\"fr_FR\" \/>\n<meta property=\"og:type\" content=\"article\" \/>\n<meta property=\"og:title\" content=\"Front Page - Asgardiens de France\" \/>\n<meta property=\"og:description\" content=\"Pourquoi les Asgardiens de France Pour d\u00e9velopper le r\u00e9seau d\u2019Asgardiens sur le territoire fran\u00e7ais. Nous souhaitons au travers de cette association f\u00e9d\u00e9rer les asgardiens autour des th\u00e9matiques promues par Asgardia.&nbsp; Rejoignez-nous L\u2019association les Asgardiens de France Le bureau Au service d\u2019un d\u00e9veloppement nouveau, sans aucune fronti\u00e8re. Pascal Pierre Combot Pr\u00e9sident Asgardien R\u00e9sident par conviction envers&hellip; Lire la suite\" \/>\n<meta property=\"og:url\" content=\"https:\/\/asgardiens.org\/\" \/>\n<meta property=\"og:site_name\" content=\"Asgardiens de France\" \/>\n<meta property=\"article:publisher\" content=\"https:\/\/www.facebook.com\/Asgardiensdefrance\" \/>\n<meta property=\"article:modified_time\" content=\"2023-05-08T09:48:06+00:00\" \/>\n<meta property=\"og:image\" content=\"https:\/\/asgardiens.org\/wp-content\/uploads\/2021\/10\/asgardia-logo.jpg\" \/>\n<meta name=\"twitter:card\" content=\"summary_large_image\" \/>\n<meta name=\"twitter:site\" content=\"@AsgardiensDeFr\" \/>\n<meta name=\"twitter:label1\" content=\"Dur\u00e9e de lecture estim\u00e9e\" \/>\n\t<meta name=\"twitter:data1\" content=\"1 minute\" \/>\n<script type=\"application\/ld+json\" class=\"yoast-schema-graph\">{\"@context\":\"https:\/\/schema.org\",\"@graph\":[{\"@type\":\"WebPage\",\"@id\":\"https:\/\/asgardiens.org\/\",\"url\":\"https:\/\/asgardiens.org\/\",\"name\":\"Front Page - Asgardiens de France\",\"isPartOf\":{\"@id\":\"https:\/\/asgardiens.org\/#website\"},\"datePublished\":\"2021-10-25T17:50:46+00:00\",\"dateModified\":\"2023-05-08T09:48:06+00:00\",\"breadcrumb\":{\"@id\":\"https:\/\/asgardiens.org\/#breadcrumb\"},\"inLanguage\":\"fr-FR\",\"potentialAction\":[{\"@type\":\"ReadAction\",\"target\":[\"https:\/\/asgardiens.org\/\"]}]},{\"@type\":\"BreadcrumbList\",\"@id\":\"https:\/\/asgardiens.org\/#breadcrumb\",\"itemListElement\":[{\"@type\":\"ListItem\",\"position\":1,\"name\":\"Accueil\",\"item\":\"https:\/\/asgardiens.org\/\"},{\"@type\":\"ListItem\",\"position\":2,\"name\":\"Front Page\"}]},{\"@type\":\"WebSite\",\"@id\":\"https:\/\/asgardiens.org\/#website\",\"url\":\"https:\/\/asgardiens.org\/\",\"name\":\"Asgardiens de France\",\"description\":\"Les Asgardiens de France, supporters de la premi\u00e8re Nation spatiale de l\u2019histoire de l\u2019Humanit\u00e9.\",\"publisher\":{\"@id\":\"https:\/\/asgardiens.org\/#organization\"},\"alternateName\":\"Supporters du projet ASGARDIA\",\"potentialAction\":[{\"@type\":\"SearchAction\",\"target\":{\"@type\":\"EntryPoint\",\"urlTemplate\":\"https:\/\/asgardiens.org\/?s={search_term_string}\"},\"query-input\":\"required name=search_term_string\"}],\"inLanguage\":\"fr-FR\"},{\"@type\":\"Organization\",\"@id\":\"https:\/\/asgardiens.org\/#organization\",\"name\":\"Asgardiens de France\",\"alternateName\":\"ASGARDIA France\",\"url\":\"https:\/\/asgardiens.org\/\",\"logo\":{\"@type\":\"ImageObject\",\"inLanguage\":\"fr-FR\",\"@id\":\"https:\/\/asgardiens.org\/#\/schema\/logo\/image\/\",\"url\":\"https:\/\/asgardiens.org\/wp-content\/uploads\/2021\/10\/cropped-11Plan-de-travail-1-100.jpg\",\"contentUrl\":\"https:\/\/asgardiens.org\/wp-content\/uploads\/2021\/10\/cropped-11Plan-de-travail-1-100.jpg\",\"width\":178,\"height\":170,\"caption\":\"Asgardiens de France\"},\"image\":{\"@id\":\"https:\/\/asgardiens.org\/#\/schema\/logo\/image\/\"},\"sameAs\":[\"https:\/\/www.facebook.com\/Asgardiensdefrance\",\"https:\/\/twitter.com\/AsgardiensDeFr\",\"https:\/\/www.linkedin.com\/in\/asgardiens-de-france-a778a1210\/\"]}]}<\/script>\n<!-- \/ Yoast SEO plugin. -->","yoast_head_json":{"title":"Front Page - Asgardiens de France","robots":{"index":"index","follow":"follow","max-snippet":"max-snippet:-1","max-image-preview":"max-image-preview:large","max-video-preview":"max-video-preview:-1"},"canonical":"https:\/\/asgardiens.org\/","og_locale":"fr_FR","og_type":"article","og_title":"Front Page - Asgardiens de France","og_description":"Pourquoi les Asgardiens de France Pour d\u00e9velopper le r\u00e9seau d\u2019Asgardiens sur le territoire fran\u00e7ais. Nous souhaitons au travers de cette association f\u00e9d\u00e9rer les asgardiens autour des th\u00e9matiques promues par Asgardia.&nbsp; Rejoignez-nous L\u2019association les Asgardiens de France Le bureau Au service d\u2019un d\u00e9veloppement nouveau, sans aucune fronti\u00e8re. Pascal Pierre Combot Pr\u00e9sident Asgardien R\u00e9sident par conviction envers&hellip; Lire la suite","og_url":"https:\/\/asgardiens.org\/","og_site_name":"Asgardiens de France","article_publisher":"https:\/\/www.facebook.com\/Asgardiensdefrance","article_modified_time":"2023-05-08T09:48:06+00:00","og_image":[{"url":"https:\/\/asgardiens.org\/wp-content\/uploads\/2021\/10\/asgardia-logo.jpg"}],"twitter_card":"summary_large_image","twitter_site":"@AsgardiensDeFr","twitter_misc":{"Dur\u00e9e de lecture estim\u00e9e":"1 minute"},"schema":{"@context":"https:\/\/schema.org","@graph":[{"@type":"WebPage","@id":"https:\/\/asgardiens.org\/","url":"https:\/\/asgardiens.org\/","name":"Front Page - Asgardiens de France","isPartOf":{"@id":"https:\/\/asgardiens.org\/#website"},"datePublished":"2021-10-25T17:50:46+00:00","dateModified":"2023-05-08T09:48:06+00:00","breadcrumb":{"@id":"https:\/\/asgardiens.org\/#breadcrumb"},"inLanguage":"fr-FR","potentialAction":[{"@type":"ReadAction","target":["https:\/\/asgardiens.org\/"]}]},{"@type":"BreadcrumbList","@id":"https:\/\/asgardiens.org\/#breadcrumb","itemListElement":[{"@type":"ListItem","position":1,"name":"Accueil","item":"https:\/\/asgardiens.org\/"},{"@type":"ListItem","position":2,"name":"Front Page"}]},{"@type":"WebSite","@id":"https:\/\/asgardiens.org\/#website","url":"https:\/\/asgardiens.org\/","name":"Asgardiens de France","description":"Les Asgardiens de France, supporters de la premi\u00e8re Nation spatiale de l\u2019histoire de l\u2019Humanit\u00e9.","publisher":{"@id":"https:\/\/asgardiens.org\/#organization"},"alternateName":"Supporters du projet ASGARDIA","potentialAction":[{"@type":"SearchAction","target":{"@type":"EntryPoint","urlTemplate":"https:\/\/asgardiens.org\/?s={search_term_string}"},"query-input":"required name=search_term_string"}],"inLanguage":"fr-FR"},{"@type":"Organization","@id":"https:\/\/asgardiens.org\/#organization","name":"Asgardiens de France","alternateName":"ASGARDIA France","url":"https:\/\/asgardiens.org\/","logo":{"@type":"ImageObject","inLanguage":"fr-FR","@id":"https:\/\/asgardiens.org\/#\/schema\/logo\/image\/","url":"https:\/\/asgardiens.org\/wp-content\/uploads\/2021\/10\/cropped-11Plan-de-travail-1-100.jpg","contentUrl":"https:\/\/asgardiens.org\/wp-content\/uploads\/2021\/10\/cropped-11Plan-de-travail-1-100.jpg","width":178,"height":170,"caption":"Asgardiens de France"},"image":{"@id":"https:\/\/asgardiens.org\/#\/schema\/logo\/image\/"},"sameAs":["https:\/\/www.facebook.com\/Asgardiensdefrance","https:\/\/twitter.com\/AsgardiensDeFr","https:\/\/www.linkedin.com\/in\/asgardiens-de-france-a778a1210\/"]}]}},"_links":{"self":[{"href":"https:\/\/asgardiens.org\/index.php\/wp-json\/wp\/v2\/pages\/39"}],"collection":[{"href":"https:\/\/asgardiens.org\/index.php\/wp-json\/wp\/v2\/pages"}],"about":[{"href":"https:\/\/asgardiens.org\/index.php\/wp-json\/wp\/v2\/types\/page"}],"author":[{"embeddable":true,"href":"https:\/\/asgardiens.org\/index.php\/wp-json\/wp\/v2\/users\/2"}],"replies":[{"embeddable":true,"href":"https:\/\/asgardiens.org\/index.php\/wp-json\/wp\/v2\/comments?post=39"}],"version-history":[{"count":14,"href":"https:\/\/asgardiens.org\/index.php\/wp-json\/wp\/v2\/pages\/39\/revisions"}],"predecessor-version":[{"id":416,"href":"https:\/\/asgardiens.org\/index.php\/wp-json\/wp\/v2\/pages\/39\/revisions\/416"}],"wp:attachment":[{"href":"https:\/\/asgardiens.org\/index.php\/wp-json\/wp\/v2\/media?parent=39"}],"curies":[{"name":"wp","href":"https:\/\/api.w.org\/{rel}","templated":true}]}}