{"id":75,"date":"2021-10-25T20:45:15","date_gmt":"2021-10-25T18:45:15","guid":{"rendered":"http:\/\/asgardiens.org\/?page_id=75"},"modified":"2021-10-25T22:14:16","modified_gmt":"2021-10-25T20:14:16","slug":"contact","status":"publish","type":"page","link":"https:\/\/asgardiens.org\/index.php\/contact\/","title":{"rendered":"Contactez nous!"},"content":{"rendered":"\n<p>Tout le monde \u00e0 son mot \u00e0 dire. Comme le sugg\u00e8re Asgardia, pas de fronti\u00e8re, de la bienveillance. Un nouveau monde.<\/p>\n\n\n\n<div class=\"is-layout-flex wp-container-3 wp-block-columns\">\n<div class=\"is-layout-flow wp-block-column\" style=\"flex-basis:33.33%\">\n<figure class=\"wp-block-image size-full\"><img decoding=\"async\" loading=\"lazy\" width=\"354\" height=\"339\" src=\"https:\/\/asgardiens.org\/wp-content\/uploads\/2021\/10\/11Plan-de-travail-1@2x.png\" alt=\"\" class=\"wp-image-62\" srcset=\"https:\/\/asgardiens.org\/wp-content\/uploads\/2021\/10\/11Plan-de-travail-1@2x.png 354w, https:\/\/asgardiens.org\/wp-content\/uploads\/2021\/10\/11Plan-de-travail-1@2x-300x287.png 300w\" sizes=\"(max-width: 354px) 100vw, 354px\" \/><\/figure>\n<\/div>\n\n\n\n<div class=\"is-layout-flow wp-block-column\" style=\"flex-basis:66.66%\">\n<div class=\"wp-block-contact-form-7-contact-form-selector\">\n<div class=\"wpcf7 no-js\" id=\"wpcf7-f136-o1\" lang=\"fr-FR\" dir=\"ltr\">\n<div class=\"screen-reader-response\"><p role=\"status\" aria-live=\"polite\" aria-atomic=\"true\"><\/p> <ul><\/ul><\/div>\n<form action=\"\/index.php\/wp-json\/wp\/v2\/pages\/75#wpcf7-f136-o1\" method=\"post\" class=\"wpcf7-form init\" aria-label=\"Formulaire de contact\" novalidate=\"novalidate\" data-status=\"init\">\n<div style=\"display: none;\">\n<input type=\"hidden\" name=\"_wpcf7\" value=\"136\" \/>\n<input type=\"hidden\" name=\"_wpcf7_version\" value=\"5.7.6\" \/>\n<input type=\"hidden\" name=\"_wpcf7_locale\" value=\"fr_FR\" \/>\n<input type=\"hidden\" name=\"_wpcf7_unit_tag\" value=\"wpcf7-f136-o1\" \/>\n<input type=\"hidden\" name=\"_wpcf7_container_post\" value=\"0\" \/>\n<input type=\"hidden\" name=\"_wpcf7_posted_data_hash\" value=\"\" \/>\n<\/div>\n<p><label> Votre nom<br \/>\n<span class=\"wpcf7-form-control-wrap\" data-name=\"your-name\"><input size=\"40\" class=\"wpcf7-form-control wpcf7-text wpcf7-validates-as-required\" aria-required=\"true\" aria-invalid=\"false\" value=\"\" type=\"text\" name=\"your-name\" \/><\/span> <\/label>\n<\/p>\n<p><label> Votre e-mail<br \/>\n<span class=\"wpcf7-form-control-wrap\" data-name=\"your-email\"><input size=\"40\" class=\"wpcf7-form-control wpcf7-text wpcf7-email wpcf7-validates-as-required wpcf7-validates-as-email\" aria-required=\"true\" aria-invalid=\"false\" value=\"\" type=\"email\" name=\"your-email\" \/><\/span> <\/label>\n<\/p>\n<p><label> Objet<br \/>\n<span class=\"wpcf7-form-control-wrap\" data-name=\"your-subject\"><input size=\"40\" class=\"wpcf7-form-control wpcf7-text wpcf7-validates-as-required\" aria-required=\"true\" aria-invalid=\"false\" value=\"\" type=\"text\" name=\"your-subject\" \/><\/span> <\/label>\n<\/p>\n<p><label> Votre message (facultatif)<br \/>\n<span class=\"wpcf7-form-control-wrap\" data-name=\"your-message\"><textarea cols=\"40\" rows=\"10\" class=\"wpcf7-form-control wpcf7-textarea\" aria-invalid=\"false\" name=\"your-message\"><\/textarea><\/span> <\/label>\n<\/p>\n<p><input class=\"wpcf7-form-control has-spinner wpcf7-submit\" type=\"submit\" value=\"Envoyer\" \/>\n<\/p><div class=\"wpcf7-response-output\" aria-hidden=\"true\"><\/div>\n<\/form>\n<\/div>\n<\/div>\n<\/div>\n<\/div>\n\n\n\n<p><\/p>\n","protected":false},"excerpt":{"rendered":"<p>Tout le monde \u00e0 son mot \u00e0 dire. Comme le sugg\u00e8re Asgardia, pas de fronti\u00e8re, de la bienveillance. Un nouveau monde.<\/p>\n","protected":false},"author":2,"featured_media":0,"parent":0,"menu_order":0,"comment_status":"closed","ping_status":"closed","template":"","meta":{"_monsterinsights_skip_tracking":false,"_monsterinsights_sitenote_active":false,"_monsterinsights_sitenote_note":"","_monsterinsights_sitenote_category":0},"yoast_head":"<!-- This site is optimized with the Yoast SEO plugin v20.7 - https:\/\/yoast.com\/wordpress\/plugins\/seo\/ -->\n<title>Contactez nous! - Asgardiens de France<\/title>\n<meta name=\"robots\" content=\"index, follow, max-snippet:-1, max-image-preview:large, max-video-preview:-1\" \/>\n<link rel=\"canonical\" href=\"https:\/\/asgardiens.org\/index.php\/contact\/\" \/>\n<meta property=\"og:locale\" content=\"fr_FR\" \/>\n<meta property=\"og:type\" content=\"article\" \/>\n<meta property=\"og:title\" content=\"Contactez nous! - Asgardiens de France\" \/>\n<meta property=\"og:description\" content=\"Tout le monde \u00e0 son mot \u00e0 dire. Comme le sugg\u00e8re Asgardia, pas de fronti\u00e8re, de la bienveillance. Un nouveau monde.\" \/>\n<meta property=\"og:url\" content=\"https:\/\/asgardiens.org\/index.php\/contact\/\" \/>\n<meta property=\"og:site_name\" content=\"Asgardiens de France\" \/>\n<meta property=\"article:publisher\" content=\"https:\/\/www.facebook.com\/Asgardiensdefrance\" \/>\n<meta property=\"article:modified_time\" content=\"2021-10-25T20:14:16+00:00\" \/>\n<meta property=\"og:image\" content=\"http:\/\/asgardiens.org\/wp-content\/uploads\/2021\/10\/11Plan-de-travail-1@2x.png\" \/>\n<meta name=\"twitter:card\" content=\"summary_large_image\" \/>\n<meta name=\"twitter:site\" content=\"@AsgardiensDeFr\" \/>\n<script type=\"application\/ld+json\" class=\"yoast-schema-graph\">{\"@context\":\"https:\/\/schema.org\",\"@graph\":[{\"@type\":\"WebPage\",\"@id\":\"https:\/\/asgardiens.org\/index.php\/contact\/\",\"url\":\"https:\/\/asgardiens.org\/index.php\/contact\/\",\"name\":\"Contactez nous! - Asgardiens de France\",\"isPartOf\":{\"@id\":\"https:\/\/asgardiens.org\/#website\"},\"datePublished\":\"2021-10-25T18:45:15+00:00\",\"dateModified\":\"2021-10-25T20:14:16+00:00\",\"breadcrumb\":{\"@id\":\"https:\/\/asgardiens.org\/index.php\/contact\/#breadcrumb\"},\"inLanguage\":\"fr-FR\",\"potentialAction\":[{\"@type\":\"ReadAction\",\"target\":[\"https:\/\/asgardiens.org\/index.php\/contact\/\"]}]},{\"@type\":\"BreadcrumbList\",\"@id\":\"https:\/\/asgardiens.org\/index.php\/contact\/#breadcrumb\",\"itemListElement\":[{\"@type\":\"ListItem\",\"position\":1,\"name\":\"Accueil\",\"item\":\"https:\/\/asgardiens.org\/\"},{\"@type\":\"ListItem\",\"position\":2,\"name\":\"Contactez nous!\"}]},{\"@type\":\"WebSite\",\"@id\":\"https:\/\/asgardiens.org\/#website\",\"url\":\"https:\/\/asgardiens.org\/\",\"name\":\"Asgardiens de France\",\"description\":\"Les Asgardiens de France, supporters de la premi\u00e8re Nation spatiale de l\u2019histoire de l\u2019Humanit\u00e9.\",\"publisher\":{\"@id\":\"https:\/\/asgardiens.org\/#organization\"},\"alternateName\":\"Supporters du projet ASGARDIA\",\"potentialAction\":[{\"@type\":\"SearchAction\",\"target\":{\"@type\":\"EntryPoint\",\"urlTemplate\":\"https:\/\/asgardiens.org\/?s={search_term_string}\"},\"query-input\":\"required name=search_term_string\"}],\"inLanguage\":\"fr-FR\"},{\"@type\":\"Organization\",\"@id\":\"https:\/\/asgardiens.org\/#organization\",\"name\":\"Asgardiens de France\",\"alternateName\":\"ASGARDIA France\",\"url\":\"https:\/\/asgardiens.org\/\",\"logo\":{\"@type\":\"ImageObject\",\"inLanguage\":\"fr-FR\",\"@id\":\"https:\/\/asgardiens.org\/#\/schema\/logo\/image\/\",\"url\":\"https:\/\/asgardiens.org\/wp-content\/uploads\/2021\/10\/cropped-11Plan-de-travail-1-100.jpg\",\"contentUrl\":\"https:\/\/asgardiens.org\/wp-content\/uploads\/2021\/10\/cropped-11Plan-de-travail-1-100.jpg\",\"width\":178,\"height\":170,\"caption\":\"Asgardiens de France\"},\"image\":{\"@id\":\"https:\/\/asgardiens.org\/#\/schema\/logo\/image\/\"},\"sameAs\":[\"https:\/\/www.facebook.com\/Asgardiensdefrance\",\"https:\/\/twitter.com\/AsgardiensDeFr\",\"https:\/\/www.linkedin.com\/in\/asgardiens-de-france-a778a1210\/\"]}]}<\/script>\n<!-- \/ Yoast SEO plugin. -->","yoast_head_json":{"title":"Contactez nous! - Asgardiens de France","robots":{"index":"index","follow":"follow","max-snippet":"max-snippet:-1","max-image-preview":"max-image-preview:large","max-video-preview":"max-video-preview:-1"},"canonical":"https:\/\/asgardiens.org\/index.php\/contact\/","og_locale":"fr_FR","og_type":"article","og_title":"Contactez nous! - Asgardiens de France","og_description":"Tout le monde \u00e0 son mot \u00e0 dire. Comme le sugg\u00e8re Asgardia, pas de fronti\u00e8re, de la bienveillance. Un nouveau monde.","og_url":"https:\/\/asgardiens.org\/index.php\/contact\/","og_site_name":"Asgardiens de France","article_publisher":"https:\/\/www.facebook.com\/Asgardiensdefrance","article_modified_time":"2021-10-25T20:14:16+00:00","og_image":[{"url":"http:\/\/asgardiens.org\/wp-content\/uploads\/2021\/10\/11Plan-de-travail-1@2x.png"}],"twitter_card":"summary_large_image","twitter_site":"@AsgardiensDeFr","schema":{"@context":"https:\/\/schema.org","@graph":[{"@type":"WebPage","@id":"https:\/\/asgardiens.org\/index.php\/contact\/","url":"https:\/\/asgardiens.org\/index.php\/contact\/","name":"Contactez nous! - Asgardiens de France","isPartOf":{"@id":"https:\/\/asgardiens.org\/#website"},"datePublished":"2021-10-25T18:45:15+00:00","dateModified":"2021-10-25T20:14:16+00:00","breadcrumb":{"@id":"https:\/\/asgardiens.org\/index.php\/contact\/#breadcrumb"},"inLanguage":"fr-FR","potentialAction":[{"@type":"ReadAction","target":["https:\/\/asgardiens.org\/index.php\/contact\/"]}]},{"@type":"BreadcrumbList","@id":"https:\/\/asgardiens.org\/index.php\/contact\/#breadcrumb","itemListElement":[{"@type":"ListItem","position":1,"name":"Accueil","item":"https:\/\/asgardiens.org\/"},{"@type":"ListItem","position":2,"name":"Contactez nous!"}]},{"@type":"WebSite","@id":"https:\/\/asgardiens.org\/#website","url":"https:\/\/asgardiens.org\/","name":"Asgardiens de France","description":"Les Asgardiens de France, supporters de la premi\u00e8re Nation spatiale de l\u2019histoire de l\u2019Humanit\u00e9.","publisher":{"@id":"https:\/\/asgardiens.org\/#organization"},"alternateName":"Supporters du projet ASGARDIA","potentialAction":[{"@type":"SearchAction","target":{"@type":"EntryPoint","urlTemplate":"https:\/\/asgardiens.org\/?s={search_term_string}"},"query-input":"required name=search_term_string"}],"inLanguage":"fr-FR"},{"@type":"Organization","@id":"https:\/\/asgardiens.org\/#organization","name":"Asgardiens de France","alternateName":"ASGARDIA France","url":"https:\/\/asgardiens.org\/","logo":{"@type":"ImageObject","inLanguage":"fr-FR","@id":"https:\/\/asgardiens.org\/#\/schema\/logo\/image\/","url":"https:\/\/asgardiens.org\/wp-content\/uploads\/2021\/10\/cropped-11Plan-de-travail-1-100.jpg","contentUrl":"https:\/\/asgardiens.org\/wp-content\/uploads\/2021\/10\/cropped-11Plan-de-travail-1-100.jpg","width":178,"height":170,"caption":"Asgardiens de France"},"image":{"@id":"https:\/\/asgardiens.org\/#\/schema\/logo\/image\/"},"sameAs":["https:\/\/www.facebook.com\/Asgardiensdefrance","https:\/\/twitter.com\/AsgardiensDeFr","https:\/\/www.linkedin.com\/in\/asgardiens-de-france-a778a1210\/"]}]}},"_links":{"self":[{"href":"https:\/\/asgardiens.org\/index.php\/wp-json\/wp\/v2\/pages\/75"}],"collection":[{"href":"https:\/\/asgardiens.org\/index.php\/wp-json\/wp\/v2\/pages"}],"about":[{"href":"https:\/\/asgardiens.org\/index.php\/wp-json\/wp\/v2\/types\/page"}],"author":[{"embeddable":true,"href":"https:\/\/asgardiens.org\/index.php\/wp-json\/wp\/v2\/users\/2"}],"replies":[{"embeddable":true,"href":"https:\/\/asgardiens.org\/index.php\/wp-json\/wp\/v2\/comments?post=75"}],"version-history":[{"count":7,"href":"https:\/\/asgardiens.org\/index.php\/wp-json\/wp\/v2\/pages\/75\/revisions"}],"predecessor-version":[{"id":148,"href":"https:\/\/asgardiens.org\/index.php\/wp-json\/wp\/v2\/pages\/75\/revisions\/148"}],"wp:attachment":[{"href":"https:\/\/asgardiens.org\/index.php\/wp-json\/wp\/v2\/media?parent=75"}],"curies":[{"name":"wp","href":"https:\/\/api.w.org\/{rel}","templated":true}]}}