{"id":88,"date":"2021-10-25T20:50:17","date_gmt":"2021-10-25T18:50:17","guid":{"rendered":"http:\/\/asgardiens.org\/?page_id=88"},"modified":"2022-02-06T20:08:18","modified_gmt":"2022-02-06T19:08:18","slug":"kesako","status":"publish","type":"page","link":"https:\/\/asgardiens.org\/index.php\/kesako\/","title":{"rendered":"K\u00e9sako Asgardia"},"content":{"rendered":"\n<p>Asgardia, nouvelle nation. Avec l&rsquo;ambition de s&rsquo;\u00e9tendre au-del\u00e0 des limites de notre m\u00e8re. La terre. <\/p>\n\n\n\n<p>Asgardia est une nation \u00e0 part enti\u00e8re et ind\u00e9pendante, et un futur membre des Nations Unies &#8211; avec tous les attributs que ce statut implique : un gouvernement et des ambassades, un drapeau, un hymne national et des insignes, etc.<\/p>\n\n\n\n<p>Asgardia est \u00e9galement unique d&rsquo;un point de vue philosophique &#8211; pour servir toute l&rsquo;humanit\u00e9 et chacun, quel que soit son bien-\u00eatre personnel et la prosp\u00e9rit\u00e9 du pays o\u00f9 ils sont n\u00e9s.<\/p>\n\n\n\n<p>La pens\u00e9e philosophique d&rsquo;Asgardia consiste \u00e0 \u00ab&nbsp;num\u00e9riser&nbsp;\u00bb la Noosph\u00e8re, cr\u00e9ant un miroir de l&rsquo;humanit\u00e9 dans l&rsquo;espace mais sans division terrestre en \u00c9tats, religions et nations. \u00c0 Asgardia, nous ne sommes que des Terriens !<\/p>\n\n\n\n<p>Vous pouvez retrouver le texte original <a href=\"https:\/\/asgardia.space\/fr\/page\/word\" data-type=\"URL\" data-id=\"https:\/\/asgardia.space\/fr\/page\/word\">ici<\/a>.<\/p>\n\n\n\n<div class=\"wp-block-image\"><figure class=\"aligncenter size-full\"><img decoding=\"async\" loading=\"lazy\" width=\"400\" height=\"400\" src=\"https:\/\/asgardiens.org\/wp-content\/uploads\/2021\/10\/asgardia-logo-edited.jpg\" alt=\"Asgardia logo\" class=\"wp-image-183\" srcset=\"https:\/\/asgardiens.org\/wp-content\/uploads\/2021\/10\/asgardia-logo-edited.jpg 400w, https:\/\/asgardiens.org\/wp-content\/uploads\/2021\/10\/asgardia-logo-edited-300x300.jpg 300w, https:\/\/asgardiens.org\/wp-content\/uploads\/2021\/10\/asgardia-logo-edited-150x150.jpg 150w\" sizes=\"(max-width: 400px) 100vw, 400px\" \/><figcaption>Asgardia logo<\/figcaption><\/figure><\/div>\n\n\n\n<p>Asgardia \u00e0 depuis 2016 a cr\u00e9\u00e9 et entretenu un statut de r\u00e9sident. Statut qui permet de voter pour l&rsquo;\u00e9lection des membres du parlement. Mais \u00e9galement l&rsquo;\u00e9lection du chef de la Nation qui aura lieu en 2022. Poste actuellement occup\u00e9 par le Dr. Igor Ashurbeyli lui m\u00eame.<\/p>\n\n\n\n<p>Si vous ne connaissez pas, nous vous invitons \u00e0 d\u00e9couvrir le site internet d&rsquo;Asgardia, la r\u00e9partition des Asgardiens r\u00e9sidents ou non. Mais \u00e9galement de prendre connaissance de la constitution, et des plus de 50 d\u00e9crets d\u00e9j\u00e0 amend\u00e9s.<\/p>\n\n\n\n<p>Asgardia c&rsquo;est pour qui?<\/p>\n\n\n\n<ul><li>Pour les passionn\u00e9s de l&rsquo;espace en g\u00e9n\u00e9ral. <\/li><li>Pour qui les fronti\u00e8res ne veulent plus rien dire.<\/li><li>Pour ceux qui imaginent d\u00e9j\u00e0 le futur de l&rsquo;humanit\u00e9 au dela de la ligne de K\u00e1rm\u00e1n.<\/li><\/ul>\n\n\n\n<div class=\"wp-block-cover has-background-dim\" style=\"min-height:268px\"><img decoding=\"async\" loading=\"lazy\" width=\"960\" height=\"640\" class=\"wp-block-cover__image-background wp-image-194\" alt=\"\" src=\"https:\/\/asgardiens.org\/wp-content\/uploads\/2021\/10\/milky-way-1023340_960_720.webp\" data-object-fit=\"cover\" srcset=\"https:\/\/asgardiens.org\/wp-content\/uploads\/2021\/10\/milky-way-1023340_960_720.webp 960w, https:\/\/asgardiens.org\/wp-content\/uploads\/2021\/10\/milky-way-1023340_960_720-300x200.webp 300w, https:\/\/asgardiens.org\/wp-content\/uploads\/2021\/10\/milky-way-1023340_960_720-768x512.webp 768w\" sizes=\"(max-width: 960px) 100vw, 960px\" \/><div class=\"wp-block-cover__inner-container\">\n<p class=\"has-text-align-center has-large-font-size\"><a href=\"http:\/\/asgardia.space\" data-type=\"URL\" data-id=\"asgardia.space\"><span class=\"has-inline-color has-white-color\">Une Nation<\/span><\/a><\/p>\n<\/div><\/div>\n\n\n\n<hr class=\"wp-block-separator is-style-wide\"\/>\n\n\n\n<div class=\"wp-block-cover has-background-dim\" style=\"min-height:268px\"><img decoding=\"async\" loading=\"lazy\" width=\"1024\" height=\"768\" class=\"wp-block-cover__image-background wp-image-176\" alt=\"\" src=\"https:\/\/asgardiens.org\/wp-content\/uploads\/2021\/10\/asgardia-sat.jpg\" data-object-fit=\"cover\" srcset=\"https:\/\/asgardiens.org\/wp-content\/uploads\/2021\/10\/asgardia-sat.jpg 1024w, https:\/\/asgardiens.org\/wp-content\/uploads\/2021\/10\/asgardia-sat-300x225.jpg 300w, https:\/\/asgardiens.org\/wp-content\/uploads\/2021\/10\/asgardia-sat-768x576.jpg 768w\" sizes=\"(max-width: 1024px) 100vw, 1024px\" \/><div class=\"wp-block-cover__inner-container\">\n<p class=\"has-text-align-center has-large-font-size\"><a href=\"https:\/\/asgardia.space\/fr\/satellite\/\" data-type=\"URL\" data-id=\"https:\/\/asgardia.space\/fr\/satellite\/\"><span class=\"has-inline-color has-white-color\">Un satellite<\/span><\/a><\/p>\n<\/div><\/div>\n\n\n\n<hr class=\"wp-block-separator is-style-wide\"\/>\n\n\n\n<div class=\"wp-block-cover has-background-dim\" style=\"min-height:268px\"><img decoding=\"async\" loading=\"lazy\" width=\"1280\" height=\"614\" class=\"wp-block-cover__image-background wp-image-241\" alt=\"\" src=\"https:\/\/asgardiens.org\/wp-content\/uploads\/2022\/02\/une-unite-une-humanite.png\" data-object-fit=\"cover\" srcset=\"https:\/\/asgardiens.org\/wp-content\/uploads\/2022\/02\/une-unite-une-humanite.png 1280w, https:\/\/asgardiens.org\/wp-content\/uploads\/2022\/02\/une-unite-une-humanite-300x144.png 300w, https:\/\/asgardiens.org\/wp-content\/uploads\/2022\/02\/une-unite-une-humanite-1024x491.png 1024w, https:\/\/asgardiens.org\/wp-content\/uploads\/2022\/02\/une-unite-une-humanite-768x368.png 768w\" sizes=\"(max-width: 1280px) 100vw, 1280px\" \/><div class=\"wp-block-cover__inner-container\">\n<p class=\"has-text-align-center has-large-font-size\"><a href=\"https:\/\/asgardia.space\/fr\/map\" data-type=\"URL\" data-id=\"https:\/\/asgardia.space\/fr\/map\"><span class=\"has-inline-color has-white-color\">One Unity, one Humanity<\/span><\/a><\/p>\n<\/div><\/div>\n\n\n\n<hr class=\"wp-block-separator is-style-wide\"\/>\n\n\n\n<div class=\"wp-block-cover has-background-dim\" style=\"min-height:268px\"><img decoding=\"async\" loading=\"lazy\" width=\"1000\" height=\"563\" class=\"wp-block-cover__image-background wp-image-244\" alt=\"\" src=\"https:\/\/asgardiens.org\/wp-content\/uploads\/2022\/02\/airc-01.jpg\" data-object-fit=\"cover\" srcset=\"https:\/\/asgardiens.org\/wp-content\/uploads\/2022\/02\/airc-01.jpg 1000w, https:\/\/asgardiens.org\/wp-content\/uploads\/2022\/02\/airc-01-300x169.jpg 300w, https:\/\/asgardiens.org\/wp-content\/uploads\/2022\/02\/airc-01-768x432.jpg 768w\" sizes=\"(max-width: 1000px) 100vw, 1000px\" \/><div class=\"wp-block-cover__inner-container\">\n<p class=\"has-text-align-center has-large-font-size\"><a href=\"https:\/\/airc.at\/#1\" data-type=\"URL\" data-id=\"https:\/\/airc.at\/#1\"><span class=\"has-inline-color has-white-color\">Un centre de recherche ind\u00e9pendant<\/span><\/a><\/p>\n<\/div><\/div>\n\n\n\n<hr class=\"wp-block-separator is-style-wide\"\/>\n\n\n\n<div class=\"wp-block-cover has-background-dim\" style=\"min-height:268px\"><img decoding=\"async\" loading=\"lazy\" width=\"705\" height=\"396\" class=\"wp-block-cover__image-background wp-image-245\" alt=\"\" src=\"https:\/\/asgardiens.org\/wp-content\/uploads\/2022\/02\/room01.jpg\" data-object-fit=\"cover\" srcset=\"https:\/\/asgardiens.org\/wp-content\/uploads\/2022\/02\/room01.jpg 705w, https:\/\/asgardiens.org\/wp-content\/uploads\/2022\/02\/room01-300x169.jpg 300w\" sizes=\"(max-width: 705px) 100vw, 705px\" \/><div class=\"wp-block-cover__inner-container\">\n<p class=\"has-text-align-center has-large-font-size\"><a href=\"https:\/\/room.eu.com\/tag\/Asgardia\" data-type=\"URL\" data-id=\"https:\/\/room.eu.com\/tag\/Asgardia\"><span class=\"has-inline-color has-white-color\">Un journal scientifique<\/span><\/a><\/p>\n<\/div><\/div>\n\n\n\n<hr class=\"wp-block-separator is-style-wide\"\/>\n\n\n\n<div class=\"wp-block-cover has-background-dim\" style=\"min-height:268px\"><img decoding=\"async\" loading=\"lazy\" width=\"1273\" height=\"657\" class=\"wp-block-cover__image-background wp-image-246\" alt=\"\" src=\"https:\/\/asgardiens.org\/wp-content\/uploads\/2022\/02\/asgardia_anthem.jpg\" data-object-fit=\"cover\" srcset=\"https:\/\/asgardiens.org\/wp-content\/uploads\/2022\/02\/asgardia_anthem.jpg 1273w, https:\/\/asgardiens.org\/wp-content\/uploads\/2022\/02\/asgardia_anthem-300x155.jpg 300w, https:\/\/asgardiens.org\/wp-content\/uploads\/2022\/02\/asgardia_anthem-1024x528.jpg 1024w, https:\/\/asgardiens.org\/wp-content\/uploads\/2022\/02\/asgardia_anthem-768x396.jpg 768w\" sizes=\"(max-width: 1273px) 100vw, 1273px\" \/><div class=\"wp-block-cover__inner-container\">\n<p class=\"has-text-align-center has-large-font-size\"><a href=\"https:\/\/www.youtube.com\/watch?v=c6icT1JhCSc\" data-type=\"URL\" data-id=\"https:\/\/www.youtube.com\/watch?v=c6icT1JhCSc\"><span class=\"has-inline-color has-white-color\">Un hymne national<\/span><\/a><\/p>\n<\/div><\/div>\n\n\n\n<hr class=\"wp-block-separator is-style-wide\"\/>\n\n\n\n<div class=\"wp-block-cover has-background-dim\" style=\"min-height:268px\"><img decoding=\"async\" loading=\"lazy\" width=\"1100\" height=\"557\" class=\"wp-block-cover__image-background wp-image-247\" alt=\"\" src=\"https:\/\/asgardiens.org\/wp-content\/uploads\/2022\/02\/asgardian-language.jpg\" data-object-fit=\"cover\" srcset=\"https:\/\/asgardiens.org\/wp-content\/uploads\/2022\/02\/asgardian-language.jpg 1100w, https:\/\/asgardiens.org\/wp-content\/uploads\/2022\/02\/asgardian-language-300x152.jpg 300w, https:\/\/asgardiens.org\/wp-content\/uploads\/2022\/02\/asgardian-language-1024x519.jpg 1024w, https:\/\/asgardiens.org\/wp-content\/uploads\/2022\/02\/asgardian-language-768x389.jpg 768w\" sizes=\"(max-width: 1100px) 100vw, 1100px\" \/><div class=\"wp-block-cover__inner-container\">\n<p class=\"has-text-align-center has-large-font-size\"><a href=\"https:\/\/asgardian.org\/\" data-type=\"URL\" data-id=\"https:\/\/asgardian.org\/\"><span class=\"has-inline-color has-white-color\">Une langue en cours de construction<\/span><\/a><\/p>\n<\/div><\/div>\n\n\n\n<hr class=\"wp-block-separator is-style-wide\"\/>\n\n\n\n<div class=\"wp-block-cover has-background-dim\" style=\"min-height:268px\"><img decoding=\"async\" loading=\"lazy\" width=\"1095\" height=\"694\" class=\"wp-block-cover__image-background wp-image-248\" alt=\"\" src=\"https:\/\/asgardiens.org\/wp-content\/uploads\/2022\/02\/constitution.jpg\" data-object-fit=\"cover\" srcset=\"https:\/\/asgardiens.org\/wp-content\/uploads\/2022\/02\/constitution.jpg 1095w, https:\/\/asgardiens.org\/wp-content\/uploads\/2022\/02\/constitution-300x190.jpg 300w, https:\/\/asgardiens.org\/wp-content\/uploads\/2022\/02\/constitution-1024x649.jpg 1024w, https:\/\/asgardiens.org\/wp-content\/uploads\/2022\/02\/constitution-768x487.jpg 768w\" sizes=\"(max-width: 1095px) 100vw, 1095px\" \/><div class=\"wp-block-cover__inner-container\">\n<p class=\"has-text-align-center has-large-font-size\"><a href=\"https:\/\/asgardia.space\/fr\/constitution\/\" data-type=\"URL\" data-id=\"https:\/\/asgardia.space\/fr\/constitution\/\"><span class=\"has-inline-color has-vivid-green-cyan-color\">Une constitution<\/span><\/a><\/p>\n<\/div><\/div>\n\n\n\n<hr class=\"wp-block-separator is-style-wide\"\/>\n\n\n\n<div class=\"wp-block-cover has-background-dim\" style=\"min-height:268px\"><img decoding=\"async\" loading=\"lazy\" width=\"1895\" height=\"627\" class=\"wp-block-cover__image-background wp-image-249\" alt=\"\" src=\"https:\/\/asgardiens.org\/wp-content\/uploads\/2022\/02\/gouvernement_asgardia.jpg\" data-object-fit=\"cover\" srcset=\"https:\/\/asgardiens.org\/wp-content\/uploads\/2022\/02\/gouvernement_asgardia.jpg 1895w, https:\/\/asgardiens.org\/wp-content\/uploads\/2022\/02\/gouvernement_asgardia-300x99.jpg 300w, https:\/\/asgardiens.org\/wp-content\/uploads\/2022\/02\/gouvernement_asgardia-1024x339.jpg 1024w, https:\/\/asgardiens.org\/wp-content\/uploads\/2022\/02\/gouvernement_asgardia-768x254.jpg 768w, https:\/\/asgardiens.org\/wp-content\/uploads\/2022\/02\/gouvernement_asgardia-1536x508.jpg 1536w\" sizes=\"(max-width: 1895px) 100vw, 1895px\" \/><div class=\"wp-block-cover__inner-container\">\n<p class=\"has-text-align-center has-large-font-size\"><a href=\"https:\/\/asgardia.space\/fr\/stations\/government\" data-type=\"URL\" data-id=\"https:\/\/asgardia.space\/fr\/stations\/government\"><span class=\"has-inline-color has-white-color\">Un gouvernemen<\/span><\/a><a href=\"https:\/\/asgardia.space\/fr\/constitution\/\" data-type=\"URL\" data-id=\"https:\/\/asgardia.space\/fr\/constitution\/\"><span class=\"has-inline-color has-white-color\">t<\/span><\/a><\/p>\n<\/div><\/div>\n\n\n\n<hr class=\"wp-block-separator is-style-wide\"\/>\n\n\n\n<div class=\"wp-block-cover has-background-dim\" style=\"min-height:268px\"><img decoding=\"async\" loading=\"lazy\" width=\"1295\" height=\"812\" class=\"wp-block-cover__image-background wp-image-250\" alt=\"\" src=\"https:\/\/asgardiens.org\/wp-content\/uploads\/2022\/02\/calendrier_asgardia.jpg\" data-object-fit=\"cover\" srcset=\"https:\/\/asgardiens.org\/wp-content\/uploads\/2022\/02\/calendrier_asgardia.jpg 1295w, https:\/\/asgardiens.org\/wp-content\/uploads\/2022\/02\/calendrier_asgardia-300x188.jpg 300w, https:\/\/asgardiens.org\/wp-content\/uploads\/2022\/02\/calendrier_asgardia-1024x642.jpg 1024w, https:\/\/asgardiens.org\/wp-content\/uploads\/2022\/02\/calendrier_asgardia-768x482.jpg 768w\" sizes=\"(max-width: 1295px) 100vw, 1295px\" \/><div class=\"wp-block-cover__inner-container\">\n<p class=\"has-text-align-center has-large-font-size\"><a href=\"https:\/\/asgardia.space\/fr\/calendar\" data-type=\"URL\" data-id=\"https:\/\/asgardia.space\/fr\/calendar\"><span class=\"has-inline-color has-vivid-green-cyan-color\">Un calendrier<\/span><\/a><\/p>\n<\/div><\/div>\n\n\n\n<hr class=\"wp-block-separator is-style-wide\"\/>\n\n\n\n<div class=\"wp-block-cover has-background-dim\" style=\"min-height:268px\"><img decoding=\"async\" loading=\"lazy\" width=\"975\" height=\"715\" class=\"wp-block-cover__image-background wp-image-254\" alt=\"\" src=\"https:\/\/asgardiens.org\/wp-content\/uploads\/2022\/02\/solar.jpg\" data-object-fit=\"cover\" srcset=\"https:\/\/asgardiens.org\/wp-content\/uploads\/2022\/02\/solar.jpg 975w, https:\/\/asgardiens.org\/wp-content\/uploads\/2022\/02\/solar-300x220.jpg 300w, https:\/\/asgardiens.org\/wp-content\/uploads\/2022\/02\/solar-768x563.jpg 768w\" sizes=\"(max-width: 975px) 100vw, 975px\" \/><div class=\"wp-block-cover__inner-container\">\n<p class=\"has-text-align-center has-large-font-size\"><a href=\"https:\/\/asgardia.space\/fr\/pages\/solar\" data-type=\"URL\" data-id=\"https:\/\/asgardia.space\/fr\/pages\/solar\"><span class=\"has-inline-color has-white-color\">Une monnaie nationale<\/span><\/a><\/p>\n<\/div><\/div>\n\n\n\n<hr class=\"wp-block-separator is-style-wide\"\/>\n\n\n\n<div class=\"wp-block-cover has-background-dim\" style=\"min-height:268px\"><img decoding=\"async\" loading=\"lazy\" width=\"2000\" height=\"899\" class=\"wp-block-cover__image-background wp-image-256\" alt=\"\" src=\"https:\/\/asgardiens.org\/wp-content\/uploads\/2022\/02\/AIS_logo_on_grey-2000px.png\" data-object-fit=\"cover\" srcset=\"https:\/\/asgardiens.org\/wp-content\/uploads\/2022\/02\/AIS_logo_on_grey-2000px.png 2000w, https:\/\/asgardiens.org\/wp-content\/uploads\/2022\/02\/AIS_logo_on_grey-2000px-300x135.png 300w, https:\/\/asgardiens.org\/wp-content\/uploads\/2022\/02\/AIS_logo_on_grey-2000px-1024x460.png 1024w, https:\/\/asgardiens.org\/wp-content\/uploads\/2022\/02\/AIS_logo_on_grey-2000px-768x345.png 768w, https:\/\/asgardiens.org\/wp-content\/uploads\/2022\/02\/AIS_logo_on_grey-2000px-1536x690.png 1536w, https:\/\/asgardiens.org\/wp-content\/uploads\/2022\/02\/AIS_logo_on_grey-2000px-1920x863.png 1920w\" sizes=\"(max-width: 2000px) 100vw, 2000px\" \/><div class=\"wp-block-cover__inner-container\">\n<p class=\"has-text-align-center has-large-font-size\"><a href=\"https:\/\/www.asgardiainstituteofstandards.space\/\" data-type=\"URL\" data-id=\"https:\/\/www.asgardiainstituteofstandards.space\/\"><span class=\"has-inline-color has-vivid-green-cyan-color\">Un standard<\/span><\/a><\/p>\n<\/div><\/div>\n\n\n\n<hr class=\"wp-block-separator is-style-wide\"\/>\n\n\n\n<p><\/p>\n\n\n\n<hr class=\"wp-block-separator is-style-wide\"\/>\n\n\n\n<p><\/p>\n","protected":false},"excerpt":{"rendered":"<p>Asgardia, nouvelle nation. Avec l&rsquo;ambition de s&rsquo;\u00e9tendre au-del\u00e0 des limites de notre m\u00e8re. La terre. Asgardia est une nation \u00e0 part enti\u00e8re et ind\u00e9pendante, et un futur membre des Nations Unies &#8211; avec tous les attributs que ce statut implique : un gouvernement et des ambassades, un drapeau, un hymne national et des insignes, etc.&hellip; <br \/> <a class=\"read-more\" href=\"https:\/\/asgardiens.org\/index.php\/kesako\/\">Lire la suite<\/a><\/p>\n","protected":false},"author":2,"featured_media":0,"parent":0,"menu_order":0,"comment_status":"closed","ping_status":"closed","template":"","meta":{"_monsterinsights_skip_tracking":false,"_monsterinsights_sitenote_active":false,"_monsterinsights_sitenote_note":"","_monsterinsights_sitenote_category":0},"yoast_head":"<!-- This site is optimized with the Yoast SEO plugin v20.7 - https:\/\/yoast.com\/wordpress\/plugins\/seo\/ -->\n<title>K\u00e9sako Asgardia - Asgardiens de France<\/title>\n<meta name=\"robots\" content=\"index, follow, max-snippet:-1, max-image-preview:large, max-video-preview:-1\" \/>\n<link rel=\"canonical\" href=\"https:\/\/asgardiens.org\/index.php\/kesako\/\" \/>\n<meta property=\"og:locale\" content=\"fr_FR\" \/>\n<meta property=\"og:type\" content=\"article\" \/>\n<meta property=\"og:title\" content=\"K\u00e9sako Asgardia - Asgardiens de France\" \/>\n<meta property=\"og:description\" content=\"Asgardia, nouvelle nation. Avec l&rsquo;ambition de s&rsquo;\u00e9tendre au-del\u00e0 des limites de notre m\u00e8re. La terre. Asgardia est une nation \u00e0 part enti\u00e8re et ind\u00e9pendante, et un futur membre des Nations Unies &#8211; avec tous les attributs que ce statut implique : un gouvernement et des ambassades, un drapeau, un hymne national et des insignes, etc.&hellip; Lire la suite\" \/>\n<meta property=\"og:url\" content=\"https:\/\/asgardiens.org\/index.php\/kesako\/\" \/>\n<meta property=\"og:site_name\" content=\"Asgardiens de France\" \/>\n<meta property=\"article:publisher\" content=\"https:\/\/www.facebook.com\/Asgardiensdefrance\" \/>\n<meta property=\"article:modified_time\" content=\"2022-02-06T19:08:18+00:00\" \/>\n<meta property=\"og:image\" content=\"http:\/\/asgardiens.org\/wp-content\/uploads\/2021\/10\/asgardia-logo-edited.jpg\" \/>\n<meta name=\"twitter:card\" content=\"summary_large_image\" \/>\n<meta name=\"twitter:site\" content=\"@AsgardiensDeFr\" \/>\n<meta name=\"twitter:label1\" content=\"Dur\u00e9e de lecture estim\u00e9e\" \/>\n\t<meta name=\"twitter:data1\" content=\"2 minutes\" \/>\n<script type=\"application\/ld+json\" class=\"yoast-schema-graph\">{\"@context\":\"https:\/\/schema.org\",\"@graph\":[{\"@type\":\"WebPage\",\"@id\":\"https:\/\/asgardiens.org\/index.php\/kesako\/\",\"url\":\"https:\/\/asgardiens.org\/index.php\/kesako\/\",\"name\":\"K\u00e9sako Asgardia - Asgardiens de France\",\"isPartOf\":{\"@id\":\"https:\/\/asgardiens.org\/#website\"},\"datePublished\":\"2021-10-25T18:50:17+00:00\",\"dateModified\":\"2022-02-06T19:08:18+00:00\",\"breadcrumb\":{\"@id\":\"https:\/\/asgardiens.org\/index.php\/kesako\/#breadcrumb\"},\"inLanguage\":\"fr-FR\",\"potentialAction\":[{\"@type\":\"ReadAction\",\"target\":[\"https:\/\/asgardiens.org\/index.php\/kesako\/\"]}]},{\"@type\":\"BreadcrumbList\",\"@id\":\"https:\/\/asgardiens.org\/index.php\/kesako\/#breadcrumb\",\"itemListElement\":[{\"@type\":\"ListItem\",\"position\":1,\"name\":\"Accueil\",\"item\":\"https:\/\/asgardiens.org\/\"},{\"@type\":\"ListItem\",\"position\":2,\"name\":\"K\u00e9sako Asgardia\"}]},{\"@type\":\"WebSite\",\"@id\":\"https:\/\/asgardiens.org\/#website\",\"url\":\"https:\/\/asgardiens.org\/\",\"name\":\"Asgardiens de France\",\"description\":\"Les Asgardiens de France, supporters de la premi\u00e8re Nation spatiale de l\u2019histoire de l\u2019Humanit\u00e9.\",\"publisher\":{\"@id\":\"https:\/\/asgardiens.org\/#organization\"},\"alternateName\":\"Supporters du projet ASGARDIA\",\"potentialAction\":[{\"@type\":\"SearchAction\",\"target\":{\"@type\":\"EntryPoint\",\"urlTemplate\":\"https:\/\/asgardiens.org\/?s={search_term_string}\"},\"query-input\":\"required name=search_term_string\"}],\"inLanguage\":\"fr-FR\"},{\"@type\":\"Organization\",\"@id\":\"https:\/\/asgardiens.org\/#organization\",\"name\":\"Asgardiens de France\",\"alternateName\":\"ASGARDIA France\",\"url\":\"https:\/\/asgardiens.org\/\",\"logo\":{\"@type\":\"ImageObject\",\"inLanguage\":\"fr-FR\",\"@id\":\"https:\/\/asgardiens.org\/#\/schema\/logo\/image\/\",\"url\":\"https:\/\/asgardiens.org\/wp-content\/uploads\/2021\/10\/cropped-11Plan-de-travail-1-100.jpg\",\"contentUrl\":\"https:\/\/asgardiens.org\/wp-content\/uploads\/2021\/10\/cropped-11Plan-de-travail-1-100.jpg\",\"width\":178,\"height\":170,\"caption\":\"Asgardiens de France\"},\"image\":{\"@id\":\"https:\/\/asgardiens.org\/#\/schema\/logo\/image\/\"},\"sameAs\":[\"https:\/\/www.facebook.com\/Asgardiensdefrance\",\"https:\/\/twitter.com\/AsgardiensDeFr\",\"https:\/\/www.linkedin.com\/in\/asgardiens-de-france-a778a1210\/\"]}]}<\/script>\n<!-- \/ Yoast SEO plugin. -->","yoast_head_json":{"title":"K\u00e9sako Asgardia - Asgardiens de France","robots":{"index":"index","follow":"follow","max-snippet":"max-snippet:-1","max-image-preview":"max-image-preview:large","max-video-preview":"max-video-preview:-1"},"canonical":"https:\/\/asgardiens.org\/index.php\/kesako\/","og_locale":"fr_FR","og_type":"article","og_title":"K\u00e9sako Asgardia - Asgardiens de France","og_description":"Asgardia, nouvelle nation. Avec l&rsquo;ambition de s&rsquo;\u00e9tendre au-del\u00e0 des limites de notre m\u00e8re. La terre. Asgardia est une nation \u00e0 part enti\u00e8re et ind\u00e9pendante, et un futur membre des Nations Unies &#8211; avec tous les attributs que ce statut implique : un gouvernement et des ambassades, un drapeau, un hymne national et des insignes, etc.&hellip; Lire la suite","og_url":"https:\/\/asgardiens.org\/index.php\/kesako\/","og_site_name":"Asgardiens de France","article_publisher":"https:\/\/www.facebook.com\/Asgardiensdefrance","article_modified_time":"2022-02-06T19:08:18+00:00","og_image":[{"url":"http:\/\/asgardiens.org\/wp-content\/uploads\/2021\/10\/asgardia-logo-edited.jpg"}],"twitter_card":"summary_large_image","twitter_site":"@AsgardiensDeFr","twitter_misc":{"Dur\u00e9e de lecture estim\u00e9e":"2 minutes"},"schema":{"@context":"https:\/\/schema.org","@graph":[{"@type":"WebPage","@id":"https:\/\/asgardiens.org\/index.php\/kesako\/","url":"https:\/\/asgardiens.org\/index.php\/kesako\/","name":"K\u00e9sako Asgardia - Asgardiens de France","isPartOf":{"@id":"https:\/\/asgardiens.org\/#website"},"datePublished":"2021-10-25T18:50:17+00:00","dateModified":"2022-02-06T19:08:18+00:00","breadcrumb":{"@id":"https:\/\/asgardiens.org\/index.php\/kesako\/#breadcrumb"},"inLanguage":"fr-FR","potentialAction":[{"@type":"ReadAction","target":["https:\/\/asgardiens.org\/index.php\/kesako\/"]}]},{"@type":"BreadcrumbList","@id":"https:\/\/asgardiens.org\/index.php\/kesako\/#breadcrumb","itemListElement":[{"@type":"ListItem","position":1,"name":"Accueil","item":"https:\/\/asgardiens.org\/"},{"@type":"ListItem","position":2,"name":"K\u00e9sako Asgardia"}]},{"@type":"WebSite","@id":"https:\/\/asgardiens.org\/#website","url":"https:\/\/asgardiens.org\/","name":"Asgardiens de France","description":"Les Asgardiens de France, supporters de la premi\u00e8re Nation spatiale de l\u2019histoire de l\u2019Humanit\u00e9.","publisher":{"@id":"https:\/\/asgardiens.org\/#organization"},"alternateName":"Supporters du projet ASGARDIA","potentialAction":[{"@type":"SearchAction","target":{"@type":"EntryPoint","urlTemplate":"https:\/\/asgardiens.org\/?s={search_term_string}"},"query-input":"required name=search_term_string"}],"inLanguage":"fr-FR"},{"@type":"Organization","@id":"https:\/\/asgardiens.org\/#organization","name":"Asgardiens de France","alternateName":"ASGARDIA France","url":"https:\/\/asgardiens.org\/","logo":{"@type":"ImageObject","inLanguage":"fr-FR","@id":"https:\/\/asgardiens.org\/#\/schema\/logo\/image\/","url":"https:\/\/asgardiens.org\/wp-content\/uploads\/2021\/10\/cropped-11Plan-de-travail-1-100.jpg","contentUrl":"https:\/\/asgardiens.org\/wp-content\/uploads\/2021\/10\/cropped-11Plan-de-travail-1-100.jpg","width":178,"height":170,"caption":"Asgardiens de France"},"image":{"@id":"https:\/\/asgardiens.org\/#\/schema\/logo\/image\/"},"sameAs":["https:\/\/www.facebook.com\/Asgardiensdefrance","https:\/\/twitter.com\/AsgardiensDeFr","https:\/\/www.linkedin.com\/in\/asgardiens-de-france-a778a1210\/"]}]}},"_links":{"self":[{"href":"https:\/\/asgardiens.org\/index.php\/wp-json\/wp\/v2\/pages\/88"}],"collection":[{"href":"https:\/\/asgardiens.org\/index.php\/wp-json\/wp\/v2\/pages"}],"about":[{"href":"https:\/\/asgardiens.org\/index.php\/wp-json\/wp\/v2\/types\/page"}],"author":[{"embeddable":true,"href":"https:\/\/asgardiens.org\/index.php\/wp-json\/wp\/v2\/users\/2"}],"replies":[{"embeddable":true,"href":"https:\/\/asgardiens.org\/index.php\/wp-json\/wp\/v2\/comments?post=88"}],"version-history":[{"count":10,"href":"https:\/\/asgardiens.org\/index.php\/wp-json\/wp\/v2\/pages\/88\/revisions"}],"predecessor-version":[{"id":258,"href":"https:\/\/asgardiens.org\/index.php\/wp-json\/wp\/v2\/pages\/88\/revisions\/258"}],"wp:attachment":[{"href":"https:\/\/asgardiens.org\/index.php\/wp-json\/wp\/v2\/media?parent=88"}],"curies":[{"name":"wp","href":"https:\/\/api.w.org\/{rel}","templated":true}]}}