{"id":92,"date":"2021-10-25T20:50:18","date_gmt":"2021-10-25T18:50:18","guid":{"rendered":"http:\/\/asgardiens.org\/?page_id=92"},"modified":"2023-01-23T12:20:25","modified_gmt":"2023-01-23T11:20:25","slug":"presentation","status":"publish","type":"page","link":"https:\/\/asgardiens.org\/index.php\/presentation\/","title":{"rendered":"Pr\u00e9sentation"},"content":{"rendered":"\n<p>L&rsquo;Association Asgardiens de France est une association loi 1901 fond\u00e9e le 29 mai 2021. Elle vise \u00e0 promouvoir des \u00e9changes et des rencontres pacifiques entre tous les Francophones int\u00e9ress\u00e9s par les domaines spatiaux et toutes les activit\u00e9s li\u00e9es \u00e0 ces domaines.<\/p>\n\n\n\n<p>Une Humanit\u00e9, Une unit\u00e9. Ou comment allier passion pour l&rsquo;espace, conscience \u00e9cologique, envie d&rsquo;une gouvernance plus adapt\u00e9e \u00e0 notre temps et une unit\u00e9 du monde, de l&rsquo;humanit\u00e9.<\/p>\n\n\n\n<p>Asgardiens de France a \u00e9t\u00e9 cr\u00e9\u00e9 sur la base de passionn\u00e9s de l&rsquo;espace qui ont \u00e9t\u00e9 emball\u00e9s par le projet de ASGARDIA, premi\u00e8re nation de l&rsquo;espace.<\/p>\n\n\n\n<p>Et pourquoi ne pas imaginer d\u00e8s aujourd&rsquo;hui un monde \u00e9tendu, au-del\u00e0 de notre berceau, la terre? Les probl\u00e8mes de notre civilisation doivent-ils nous garder in\u00e9luctablement enferm\u00e9s dans une prison dont on ne pourrait plus sortir?<\/p>\n\n\n\n<p>A ASGARDIA, les cartes sont rebattues. Et on s&rsquo;autorise \u00e0 sortir de notre carcan. On s&rsquo;autorise \u00e0 penser autrement l&rsquo;\u00e9ducation, la gouvernance, la justice, notre futur dans l&rsquo;espace, la culture. Un monde diff\u00e9rent nous permettant \u00e0 nouveau d&rsquo;\u00eatre acteurs de l&rsquo;exploration d&rsquo;un monde nouveau.<\/p>\n\n\n\n<p>Cela vous int\u00e9resse, rejoignez-nous!<\/p>\n\n\n\n<div class=\"is-layout-flex wp-block-buttons is-content-justification-center\">\n<div class=\"wp-block-button\"><a class=\"wp-block-button__link\" href=\"https:\/\/asgardiens.org\/index.php\/adhesion-a-lassociation\/\">Adh\u00e9rez<\/a><\/div>\n<\/div>\n\n\n\n<div class=\"wp-block-image\"><figure class=\"aligncenter size-full\"><img decoding=\"async\" loading=\"lazy\" width=\"538\" height=\"540\" src=\"https:\/\/asgardiens.org\/wp-content\/uploads\/2023\/01\/theme.jpg\" alt=\"\" class=\"wp-image-315\" srcset=\"https:\/\/asgardiens.org\/wp-content\/uploads\/2023\/01\/theme.jpg 538w, https:\/\/asgardiens.org\/wp-content\/uploads\/2023\/01\/theme-300x300.jpg 300w, https:\/\/asgardiens.org\/wp-content\/uploads\/2023\/01\/theme-150x150.jpg 150w\" sizes=\"(max-width: 538px) 100vw, 538px\" \/><figcaption>Les th\u00e8mes de l&rsquo;asso<\/figcaption><\/figure><\/div>\n\n\n\n<p><\/p>\n\n\n\n<p><\/p>\n","protected":false},"excerpt":{"rendered":"<p>L&rsquo;Association Asgardiens de France est une association loi 1901 fond\u00e9e le 29 mai 2021. Elle vise \u00e0 promouvoir des \u00e9changes et des rencontres pacifiques entre tous les Francophones int\u00e9ress\u00e9s par les domaines spatiaux et toutes les activit\u00e9s li\u00e9es \u00e0 ces domaines. Une Humanit\u00e9, Une unit\u00e9. Ou comment allier passion pour l&rsquo;espace, conscience \u00e9cologique, envie d&rsquo;une&hellip; <br \/> <a class=\"read-more\" href=\"https:\/\/asgardiens.org\/index.php\/presentation\/\">Lire la suite<\/a><\/p>\n","protected":false},"author":2,"featured_media":0,"parent":0,"menu_order":0,"comment_status":"closed","ping_status":"closed","template":"","meta":{"_monsterinsights_skip_tracking":false,"_monsterinsights_sitenote_active":false,"_monsterinsights_sitenote_note":"","_monsterinsights_sitenote_category":0},"yoast_head":"<!-- This site is optimized with the Yoast SEO plugin v20.7 - https:\/\/yoast.com\/wordpress\/plugins\/seo\/ -->\n<title>Pr\u00e9sentation - Asgardiens de France<\/title>\n<meta name=\"robots\" content=\"index, follow, max-snippet:-1, max-image-preview:large, max-video-preview:-1\" \/>\n<link rel=\"canonical\" href=\"https:\/\/asgardiens.org\/index.php\/presentation\/\" \/>\n<meta property=\"og:locale\" content=\"fr_FR\" \/>\n<meta property=\"og:type\" content=\"article\" \/>\n<meta property=\"og:title\" content=\"Pr\u00e9sentation - Asgardiens de France\" \/>\n<meta property=\"og:description\" content=\"L&rsquo;Association Asgardiens de France est une association loi 1901 fond\u00e9e le 29 mai 2021. Elle vise \u00e0 promouvoir des \u00e9changes et des rencontres pacifiques entre tous les Francophones int\u00e9ress\u00e9s par les domaines spatiaux et toutes les activit\u00e9s li\u00e9es \u00e0 ces domaines. Une Humanit\u00e9, Une unit\u00e9. Ou comment allier passion pour l&rsquo;espace, conscience \u00e9cologique, envie d&rsquo;une&hellip; Lire la suite\" \/>\n<meta property=\"og:url\" content=\"https:\/\/asgardiens.org\/index.php\/presentation\/\" \/>\n<meta property=\"og:site_name\" content=\"Asgardiens de France\" \/>\n<meta property=\"article:publisher\" content=\"https:\/\/www.facebook.com\/Asgardiensdefrance\" \/>\n<meta property=\"article:modified_time\" content=\"2023-01-23T11:20:25+00:00\" \/>\n<meta property=\"og:image\" content=\"http:\/\/asgardiens.org\/wp-content\/uploads\/2023\/01\/theme.jpg\" \/>\n<meta name=\"twitter:card\" content=\"summary_large_image\" \/>\n<meta name=\"twitter:site\" content=\"@AsgardiensDeFr\" \/>\n<meta name=\"twitter:label1\" content=\"Dur\u00e9e de lecture estim\u00e9e\" \/>\n\t<meta name=\"twitter:data1\" content=\"1 minute\" \/>\n<script type=\"application\/ld+json\" class=\"yoast-schema-graph\">{\"@context\":\"https:\/\/schema.org\",\"@graph\":[{\"@type\":\"WebPage\",\"@id\":\"https:\/\/asgardiens.org\/index.php\/presentation\/\",\"url\":\"https:\/\/asgardiens.org\/index.php\/presentation\/\",\"name\":\"Pr\u00e9sentation - Asgardiens de France\",\"isPartOf\":{\"@id\":\"https:\/\/asgardiens.org\/#website\"},\"datePublished\":\"2021-10-25T18:50:18+00:00\",\"dateModified\":\"2023-01-23T11:20:25+00:00\",\"breadcrumb\":{\"@id\":\"https:\/\/asgardiens.org\/index.php\/presentation\/#breadcrumb\"},\"inLanguage\":\"fr-FR\",\"potentialAction\":[{\"@type\":\"ReadAction\",\"target\":[\"https:\/\/asgardiens.org\/index.php\/presentation\/\"]}]},{\"@type\":\"BreadcrumbList\",\"@id\":\"https:\/\/asgardiens.org\/index.php\/presentation\/#breadcrumb\",\"itemListElement\":[{\"@type\":\"ListItem\",\"position\":1,\"name\":\"Accueil\",\"item\":\"https:\/\/asgardiens.org\/\"},{\"@type\":\"ListItem\",\"position\":2,\"name\":\"Pr\u00e9sentation\"}]},{\"@type\":\"WebSite\",\"@id\":\"https:\/\/asgardiens.org\/#website\",\"url\":\"https:\/\/asgardiens.org\/\",\"name\":\"Asgardiens de France\",\"description\":\"Les Asgardiens de France, supporters de la premi\u00e8re Nation spatiale de l\u2019histoire de l\u2019Humanit\u00e9.\",\"publisher\":{\"@id\":\"https:\/\/asgardiens.org\/#organization\"},\"alternateName\":\"Supporters du projet ASGARDIA\",\"potentialAction\":[{\"@type\":\"SearchAction\",\"target\":{\"@type\":\"EntryPoint\",\"urlTemplate\":\"https:\/\/asgardiens.org\/?s={search_term_string}\"},\"query-input\":\"required name=search_term_string\"}],\"inLanguage\":\"fr-FR\"},{\"@type\":\"Organization\",\"@id\":\"https:\/\/asgardiens.org\/#organization\",\"name\":\"Asgardiens de France\",\"alternateName\":\"ASGARDIA France\",\"url\":\"https:\/\/asgardiens.org\/\",\"logo\":{\"@type\":\"ImageObject\",\"inLanguage\":\"fr-FR\",\"@id\":\"https:\/\/asgardiens.org\/#\/schema\/logo\/image\/\",\"url\":\"https:\/\/asgardiens.org\/wp-content\/uploads\/2021\/10\/cropped-11Plan-de-travail-1-100.jpg\",\"contentUrl\":\"https:\/\/asgardiens.org\/wp-content\/uploads\/2021\/10\/cropped-11Plan-de-travail-1-100.jpg\",\"width\":178,\"height\":170,\"caption\":\"Asgardiens de France\"},\"image\":{\"@id\":\"https:\/\/asgardiens.org\/#\/schema\/logo\/image\/\"},\"sameAs\":[\"https:\/\/www.facebook.com\/Asgardiensdefrance\",\"https:\/\/twitter.com\/AsgardiensDeFr\",\"https:\/\/www.linkedin.com\/in\/asgardiens-de-france-a778a1210\/\"]}]}<\/script>\n<!-- \/ Yoast SEO plugin. -->","yoast_head_json":{"title":"Pr\u00e9sentation - Asgardiens de France","robots":{"index":"index","follow":"follow","max-snippet":"max-snippet:-1","max-image-preview":"max-image-preview:large","max-video-preview":"max-video-preview:-1"},"canonical":"https:\/\/asgardiens.org\/index.php\/presentation\/","og_locale":"fr_FR","og_type":"article","og_title":"Pr\u00e9sentation - Asgardiens de France","og_description":"L&rsquo;Association Asgardiens de France est une association loi 1901 fond\u00e9e le 29 mai 2021. Elle vise \u00e0 promouvoir des \u00e9changes et des rencontres pacifiques entre tous les Francophones int\u00e9ress\u00e9s par les domaines spatiaux et toutes les activit\u00e9s li\u00e9es \u00e0 ces domaines. Une Humanit\u00e9, Une unit\u00e9. Ou comment allier passion pour l&rsquo;espace, conscience \u00e9cologique, envie d&rsquo;une&hellip; Lire la suite","og_url":"https:\/\/asgardiens.org\/index.php\/presentation\/","og_site_name":"Asgardiens de France","article_publisher":"https:\/\/www.facebook.com\/Asgardiensdefrance","article_modified_time":"2023-01-23T11:20:25+00:00","og_image":[{"url":"http:\/\/asgardiens.org\/wp-content\/uploads\/2023\/01\/theme.jpg"}],"twitter_card":"summary_large_image","twitter_site":"@AsgardiensDeFr","twitter_misc":{"Dur\u00e9e de lecture estim\u00e9e":"1 minute"},"schema":{"@context":"https:\/\/schema.org","@graph":[{"@type":"WebPage","@id":"https:\/\/asgardiens.org\/index.php\/presentation\/","url":"https:\/\/asgardiens.org\/index.php\/presentation\/","name":"Pr\u00e9sentation - Asgardiens de France","isPartOf":{"@id":"https:\/\/asgardiens.org\/#website"},"datePublished":"2021-10-25T18:50:18+00:00","dateModified":"2023-01-23T11:20:25+00:00","breadcrumb":{"@id":"https:\/\/asgardiens.org\/index.php\/presentation\/#breadcrumb"},"inLanguage":"fr-FR","potentialAction":[{"@type":"ReadAction","target":["https:\/\/asgardiens.org\/index.php\/presentation\/"]}]},{"@type":"BreadcrumbList","@id":"https:\/\/asgardiens.org\/index.php\/presentation\/#breadcrumb","itemListElement":[{"@type":"ListItem","position":1,"name":"Accueil","item":"https:\/\/asgardiens.org\/"},{"@type":"ListItem","position":2,"name":"Pr\u00e9sentation"}]},{"@type":"WebSite","@id":"https:\/\/asgardiens.org\/#website","url":"https:\/\/asgardiens.org\/","name":"Asgardiens de France","description":"Les Asgardiens de France, supporters de la premi\u00e8re Nation spatiale de l\u2019histoire de l\u2019Humanit\u00e9.","publisher":{"@id":"https:\/\/asgardiens.org\/#organization"},"alternateName":"Supporters du projet ASGARDIA","potentialAction":[{"@type":"SearchAction","target":{"@type":"EntryPoint","urlTemplate":"https:\/\/asgardiens.org\/?s={search_term_string}"},"query-input":"required name=search_term_string"}],"inLanguage":"fr-FR"},{"@type":"Organization","@id":"https:\/\/asgardiens.org\/#organization","name":"Asgardiens de France","alternateName":"ASGARDIA France","url":"https:\/\/asgardiens.org\/","logo":{"@type":"ImageObject","inLanguage":"fr-FR","@id":"https:\/\/asgardiens.org\/#\/schema\/logo\/image\/","url":"https:\/\/asgardiens.org\/wp-content\/uploads\/2021\/10\/cropped-11Plan-de-travail-1-100.jpg","contentUrl":"https:\/\/asgardiens.org\/wp-content\/uploads\/2021\/10\/cropped-11Plan-de-travail-1-100.jpg","width":178,"height":170,"caption":"Asgardiens de France"},"image":{"@id":"https:\/\/asgardiens.org\/#\/schema\/logo\/image\/"},"sameAs":["https:\/\/www.facebook.com\/Asgardiensdefrance","https:\/\/twitter.com\/AsgardiensDeFr","https:\/\/www.linkedin.com\/in\/asgardiens-de-france-a778a1210\/"]}]}},"_links":{"self":[{"href":"https:\/\/asgardiens.org\/index.php\/wp-json\/wp\/v2\/pages\/92"}],"collection":[{"href":"https:\/\/asgardiens.org\/index.php\/wp-json\/wp\/v2\/pages"}],"about":[{"href":"https:\/\/asgardiens.org\/index.php\/wp-json\/wp\/v2\/types\/page"}],"author":[{"embeddable":true,"href":"https:\/\/asgardiens.org\/index.php\/wp-json\/wp\/v2\/users\/2"}],"replies":[{"embeddable":true,"href":"https:\/\/asgardiens.org\/index.php\/wp-json\/wp\/v2\/comments?post=92"}],"version-history":[{"count":5,"href":"https:\/\/asgardiens.org\/index.php\/wp-json\/wp\/v2\/pages\/92\/revisions"}],"predecessor-version":[{"id":319,"href":"https:\/\/asgardiens.org\/index.php\/wp-json\/wp\/v2\/pages\/92\/revisions\/319"}],"wp:attachment":[{"href":"https:\/\/asgardiens.org\/index.php\/wp-json\/wp\/v2\/media?parent=92"}],"curies":[{"name":"wp","href":"https:\/\/api.w.org\/{rel}","templated":true}]}}