{"id":93,"date":"2021-10-25T20:50:18","date_gmt":"2021-10-25T18:50:18","guid":{"rendered":"http:\/\/asgardiens.org\/?page_id=93"},"modified":"2021-10-27T20:09:24","modified_gmt":"2021-10-27T18:09:24","slug":"charte-des-fondateurs","status":"publish","type":"page","link":"https:\/\/asgardiens.org\/index.php\/charte-des-fondateurs\/","title":{"rendered":"Charte des fondateurs"},"content":{"rendered":"\n<h1 class=\"has-text-align-center\">\u00ab\u00a0ASGARDIENS DE FRANCE\u00a0\u00bb<\/h1>\n\n\n\n<h5 class=\"has-text-align-center\">adopt\u00e9e le 29 mai 2021 &#8211; Organisme non gouvernemental<\/h5>\n\n\n\n<figure class=\"wp-block-pullquote\"><blockquote><p>Parce que notre Nation ne peut rayonner dans le monde sans le Respect de toutes les origines Ethniques la constituant<br><\/p><p>Parce que nous sommes convaincus que l&rsquo;innovation est au c\u0153ur du d\u00e9veloppement \u00e9conomique et social d&rsquo;Asgardia,<br><\/p><p>Parce que nous croyons en notre action collective, moteur de progression pour le futur et le devenir d&rsquo;Asgardia<br><\/p><p>Parce que nous croyons \u00e0 la motivation des Asgardiens par le sens, la confiance et la responsabilit\u00e9,<br><\/p><p>Parce que nous voulons nous engager concr\u00e8tement dans le d\u00e9veloppement p\u00e9renne d&rsquo;Asgardia, en France et dans le monde Francophone<br><\/p><p>Parce que nous voulons favoriser les liens de coop\u00e9ration en Asgardia et entre Francophones<br><\/p><p>Nous, Asgardiens Francophones, convaincus du bien fond\u00e9 de notre Nation et conscients des devoirs d\u00fb de notre part envers elle pour son \u00e9volution et son devenir, prenons ensemble la d\u00e9cision de fonder sur le territoire National Fran\u00e7ais un groupe de travail bas\u00e9 sur un fonctionnement associatif.<br><\/p><p>Nous prenons l&rsquo;engagement, en devenant membres fondateurs de l&rsquo;association \u00ab\u00a0Asgardiens de France\u00a0\u00bb, d&rsquo;apporter notre soutien op\u00e9rationnel au d\u00e9veloppement et au rayonnement de notre grande Nation sur le territoire Fran\u00e7ais et dans les pays Francophones.<br><\/p><p>Nous nous engageons \u00e0 participer aux actions statutaires n\u00e9cessaires au bon fonctionnement de l&rsquo;association \u00ab\u00a0Asgardiens de France\u00a0\u00bb en prenant les responsabilit\u00e9s op\u00e9rationnelles n\u00e9cessaires.<br><\/p><p>Nous nous engageons \u00e0 apporter aux Asgardiens Fran\u00e7ais, aux Asgardiens r\u00e9sidant en France mais aussi aux Asgardiens Francophones diss\u00e9min\u00e9s sur la plan\u00e8te, notre soutien et notre exp\u00e9rience dans la vie de la Nation Asgardienne.<br><\/p><p>Nous nous engageons \u00e0 mettre nos images et nos r\u00e9seaux de relations au service des actions de communication destin\u00e9es \u00e0 le faire conna\u00eetre et \u00e0 promouvoir la mission Internationale d&rsquo;Asgardia, la premi\u00e8re Nation Spatiale.<br><\/p><\/blockquote><\/figure>\n\n\n\n<p class=\"has-text-align-center\">Les Fondateurs signataires<\/p>\n\n\n\n<p class=\"has-text-align-center\">Pascal Pierre COMBOT &#8211; Ivan ROSEL &#8211; Benedetto PROFESSO<\/p>\n","protected":false},"excerpt":{"rendered":"<p>\u00ab\u00a0ASGARDIENS DE FRANCE\u00a0\u00bb adopt\u00e9e le 29 mai 2021 &#8211; Organisme non gouvernemental Parce que notre Nation ne peut rayonner dans le monde sans le Respect de toutes les origines Ethniques la constituant Parce que nous sommes convaincus que l&rsquo;innovation est au c\u0153ur du d\u00e9veloppement \u00e9conomique et social d&rsquo;Asgardia, Parce que nous croyons en notre action&hellip; <br \/> <a class=\"read-more\" href=\"https:\/\/asgardiens.org\/index.php\/charte-des-fondateurs\/\">Lire la suite<\/a><\/p>\n","protected":false},"author":2,"featured_media":0,"parent":0,"menu_order":0,"comment_status":"closed","ping_status":"closed","template":"","meta":{"_monsterinsights_skip_tracking":false,"_monsterinsights_sitenote_active":false,"_monsterinsights_sitenote_note":"","_monsterinsights_sitenote_category":0},"yoast_head":"<!-- This site is optimized with the Yoast SEO plugin v20.7 - https:\/\/yoast.com\/wordpress\/plugins\/seo\/ -->\n<title>Charte des fondateurs - Asgardiens de France<\/title>\n<meta name=\"robots\" content=\"index, follow, max-snippet:-1, max-image-preview:large, max-video-preview:-1\" \/>\n<link rel=\"canonical\" href=\"https:\/\/asgardiens.org\/index.php\/charte-des-fondateurs\/\" \/>\n<meta property=\"og:locale\" content=\"fr_FR\" \/>\n<meta property=\"og:type\" content=\"article\" \/>\n<meta property=\"og:title\" content=\"Charte des fondateurs - Asgardiens de France\" \/>\n<meta property=\"og:description\" content=\"\u00ab\u00a0ASGARDIENS DE FRANCE\u00a0\u00bb adopt\u00e9e le 29 mai 2021 &#8211; Organisme non gouvernemental Parce que notre Nation ne peut rayonner dans le monde sans le Respect de toutes les origines Ethniques la constituant Parce que nous sommes convaincus que l&rsquo;innovation est au c\u0153ur du d\u00e9veloppement \u00e9conomique et social d&rsquo;Asgardia, Parce que nous croyons en notre action&hellip; Lire la suite\" \/>\n<meta property=\"og:url\" content=\"https:\/\/asgardiens.org\/index.php\/charte-des-fondateurs\/\" \/>\n<meta property=\"og:site_name\" content=\"Asgardiens de France\" \/>\n<meta property=\"article:publisher\" content=\"https:\/\/www.facebook.com\/Asgardiensdefrance\" \/>\n<meta property=\"article:modified_time\" content=\"2021-10-27T18:09:24+00:00\" \/>\n<meta name=\"twitter:card\" content=\"summary_large_image\" \/>\n<meta name=\"twitter:site\" content=\"@AsgardiensDeFr\" \/>\n<meta name=\"twitter:label1\" content=\"Dur\u00e9e de lecture estim\u00e9e\" \/>\n\t<meta name=\"twitter:data1\" content=\"2 minutes\" \/>\n<script type=\"application\/ld+json\" class=\"yoast-schema-graph\">{\"@context\":\"https:\/\/schema.org\",\"@graph\":[{\"@type\":\"WebPage\",\"@id\":\"https:\/\/asgardiens.org\/index.php\/charte-des-fondateurs\/\",\"url\":\"https:\/\/asgardiens.org\/index.php\/charte-des-fondateurs\/\",\"name\":\"Charte des fondateurs - Asgardiens de France\",\"isPartOf\":{\"@id\":\"https:\/\/asgardiens.org\/#website\"},\"datePublished\":\"2021-10-25T18:50:18+00:00\",\"dateModified\":\"2021-10-27T18:09:24+00:00\",\"breadcrumb\":{\"@id\":\"https:\/\/asgardiens.org\/index.php\/charte-des-fondateurs\/#breadcrumb\"},\"inLanguage\":\"fr-FR\",\"potentialAction\":[{\"@type\":\"ReadAction\",\"target\":[\"https:\/\/asgardiens.org\/index.php\/charte-des-fondateurs\/\"]}]},{\"@type\":\"BreadcrumbList\",\"@id\":\"https:\/\/asgardiens.org\/index.php\/charte-des-fondateurs\/#breadcrumb\",\"itemListElement\":[{\"@type\":\"ListItem\",\"position\":1,\"name\":\"Accueil\",\"item\":\"https:\/\/asgardiens.org\/\"},{\"@type\":\"ListItem\",\"position\":2,\"name\":\"Charte des fondateurs\"}]},{\"@type\":\"WebSite\",\"@id\":\"https:\/\/asgardiens.org\/#website\",\"url\":\"https:\/\/asgardiens.org\/\",\"name\":\"Asgardiens de France\",\"description\":\"Les Asgardiens de France, supporters de la premi\u00e8re Nation spatiale de l\u2019histoire de l\u2019Humanit\u00e9.\",\"publisher\":{\"@id\":\"https:\/\/asgardiens.org\/#organization\"},\"alternateName\":\"Supporters du projet ASGARDIA\",\"potentialAction\":[{\"@type\":\"SearchAction\",\"target\":{\"@type\":\"EntryPoint\",\"urlTemplate\":\"https:\/\/asgardiens.org\/?s={search_term_string}\"},\"query-input\":\"required name=search_term_string\"}],\"inLanguage\":\"fr-FR\"},{\"@type\":\"Organization\",\"@id\":\"https:\/\/asgardiens.org\/#organization\",\"name\":\"Asgardiens de France\",\"alternateName\":\"ASGARDIA France\",\"url\":\"https:\/\/asgardiens.org\/\",\"logo\":{\"@type\":\"ImageObject\",\"inLanguage\":\"fr-FR\",\"@id\":\"https:\/\/asgardiens.org\/#\/schema\/logo\/image\/\",\"url\":\"https:\/\/asgardiens.org\/wp-content\/uploads\/2021\/10\/cropped-11Plan-de-travail-1-100.jpg\",\"contentUrl\":\"https:\/\/asgardiens.org\/wp-content\/uploads\/2021\/10\/cropped-11Plan-de-travail-1-100.jpg\",\"width\":178,\"height\":170,\"caption\":\"Asgardiens de France\"},\"image\":{\"@id\":\"https:\/\/asgardiens.org\/#\/schema\/logo\/image\/\"},\"sameAs\":[\"https:\/\/www.facebook.com\/Asgardiensdefrance\",\"https:\/\/twitter.com\/AsgardiensDeFr\",\"https:\/\/www.linkedin.com\/in\/asgardiens-de-france-a778a1210\/\"]}]}<\/script>\n<!-- \/ Yoast SEO plugin. -->","yoast_head_json":{"title":"Charte des fondateurs - Asgardiens de France","robots":{"index":"index","follow":"follow","max-snippet":"max-snippet:-1","max-image-preview":"max-image-preview:large","max-video-preview":"max-video-preview:-1"},"canonical":"https:\/\/asgardiens.org\/index.php\/charte-des-fondateurs\/","og_locale":"fr_FR","og_type":"article","og_title":"Charte des fondateurs - Asgardiens de France","og_description":"\u00ab\u00a0ASGARDIENS DE FRANCE\u00a0\u00bb adopt\u00e9e le 29 mai 2021 &#8211; Organisme non gouvernemental Parce que notre Nation ne peut rayonner dans le monde sans le Respect de toutes les origines Ethniques la constituant Parce que nous sommes convaincus que l&rsquo;innovation est au c\u0153ur du d\u00e9veloppement \u00e9conomique et social d&rsquo;Asgardia, Parce que nous croyons en notre action&hellip; Lire la suite","og_url":"https:\/\/asgardiens.org\/index.php\/charte-des-fondateurs\/","og_site_name":"Asgardiens de France","article_publisher":"https:\/\/www.facebook.com\/Asgardiensdefrance","article_modified_time":"2021-10-27T18:09:24+00:00","twitter_card":"summary_large_image","twitter_site":"@AsgardiensDeFr","twitter_misc":{"Dur\u00e9e de lecture estim\u00e9e":"2 minutes"},"schema":{"@context":"https:\/\/schema.org","@graph":[{"@type":"WebPage","@id":"https:\/\/asgardiens.org\/index.php\/charte-des-fondateurs\/","url":"https:\/\/asgardiens.org\/index.php\/charte-des-fondateurs\/","name":"Charte des fondateurs - Asgardiens de France","isPartOf":{"@id":"https:\/\/asgardiens.org\/#website"},"datePublished":"2021-10-25T18:50:18+00:00","dateModified":"2021-10-27T18:09:24+00:00","breadcrumb":{"@id":"https:\/\/asgardiens.org\/index.php\/charte-des-fondateurs\/#breadcrumb"},"inLanguage":"fr-FR","potentialAction":[{"@type":"ReadAction","target":["https:\/\/asgardiens.org\/index.php\/charte-des-fondateurs\/"]}]},{"@type":"BreadcrumbList","@id":"https:\/\/asgardiens.org\/index.php\/charte-des-fondateurs\/#breadcrumb","itemListElement":[{"@type":"ListItem","position":1,"name":"Accueil","item":"https:\/\/asgardiens.org\/"},{"@type":"ListItem","position":2,"name":"Charte des fondateurs"}]},{"@type":"WebSite","@id":"https:\/\/asgardiens.org\/#website","url":"https:\/\/asgardiens.org\/","name":"Asgardiens de France","description":"Les Asgardiens de France, supporters de la premi\u00e8re Nation spatiale de l\u2019histoire de l\u2019Humanit\u00e9.","publisher":{"@id":"https:\/\/asgardiens.org\/#organization"},"alternateName":"Supporters du projet ASGARDIA","potentialAction":[{"@type":"SearchAction","target":{"@type":"EntryPoint","urlTemplate":"https:\/\/asgardiens.org\/?s={search_term_string}"},"query-input":"required name=search_term_string"}],"inLanguage":"fr-FR"},{"@type":"Organization","@id":"https:\/\/asgardiens.org\/#organization","name":"Asgardiens de France","alternateName":"ASGARDIA France","url":"https:\/\/asgardiens.org\/","logo":{"@type":"ImageObject","inLanguage":"fr-FR","@id":"https:\/\/asgardiens.org\/#\/schema\/logo\/image\/","url":"https:\/\/asgardiens.org\/wp-content\/uploads\/2021\/10\/cropped-11Plan-de-travail-1-100.jpg","contentUrl":"https:\/\/asgardiens.org\/wp-content\/uploads\/2021\/10\/cropped-11Plan-de-travail-1-100.jpg","width":178,"height":170,"caption":"Asgardiens de France"},"image":{"@id":"https:\/\/asgardiens.org\/#\/schema\/logo\/image\/"},"sameAs":["https:\/\/www.facebook.com\/Asgardiensdefrance","https:\/\/twitter.com\/AsgardiensDeFr","https:\/\/www.linkedin.com\/in\/asgardiens-de-france-a778a1210\/"]}]}},"_links":{"self":[{"href":"https:\/\/asgardiens.org\/index.php\/wp-json\/wp\/v2\/pages\/93"}],"collection":[{"href":"https:\/\/asgardiens.org\/index.php\/wp-json\/wp\/v2\/pages"}],"about":[{"href":"https:\/\/asgardiens.org\/index.php\/wp-json\/wp\/v2\/types\/page"}],"author":[{"embeddable":true,"href":"https:\/\/asgardiens.org\/index.php\/wp-json\/wp\/v2\/users\/2"}],"replies":[{"embeddable":true,"href":"https:\/\/asgardiens.org\/index.php\/wp-json\/wp\/v2\/comments?post=93"}],"version-history":[{"count":5,"href":"https:\/\/asgardiens.org\/index.php\/wp-json\/wp\/v2\/pages\/93\/revisions"}],"predecessor-version":[{"id":188,"href":"https:\/\/asgardiens.org\/index.php\/wp-json\/wp\/v2\/pages\/93\/revisions\/188"}],"wp:attachment":[{"href":"https:\/\/asgardiens.org\/index.php\/wp-json\/wp\/v2\/media?parent=93"}],"curies":[{"name":"wp","href":"https:\/\/api.w.org\/{rel}","templated":true}]}}