{"id":94,"date":"2021-10-25T20:50:18","date_gmt":"2021-10-25T18:50:18","guid":{"rendered":"http:\/\/asgardiens.org\/?page_id=94"},"modified":"2023-01-29T12:07:22","modified_gmt":"2023-01-29T11:07:22","slug":"statuts","status":"publish","type":"page","link":"https:\/\/asgardiens.org\/index.php\/statuts\/","title":{"rendered":"Statuts"},"content":{"rendered":"\n<h1 class=\"has-text-align-center\"><strong>ASSOCIATION<br>ASGARDIENS DE FRANCE<br>STATUTS DE L&rsquo;ASSOCIATION<\/strong><\/h1>\n\n\n\n<p class=\"has-text-align-left\"><br>Adopt\u00e9s le : 29 Mai 2021<br>Organisme Non Gouvernemental<\/p>\n\n\n\n<p class=\"has-text-align-left\"><br><strong>Article 1 : Fondation<\/strong><br>Il est fond\u00e9 ce jour, 29 Mai 2021, entre les adh\u00e9rents aux pr\u00e9sents statuts de 6 pages, une association \u00e0 but non lucratif r\u00e9gie par la loi du 1er Juillet 1901 et le d\u00e9cret du 16 Ao\u00fbt 1901 de la R\u00e9publique Fran\u00e7aise.<\/p>\n\n\n\n<p class=\"has-text-align-left\"><br><strong>Article 2 : Titre<\/strong><br>Cette association porte le nom : Asgardiens de France<\/p>\n\n\n\n<p class=\"has-text-align-left\"><br><strong>Article 3 : Objet<\/strong><br>Cette association a pour objet de promouvoir des \u00e9changes et rencontres entre tous les Francophones s\u2019int\u00e9ressant pacifiquement aux domaines spatiaux ainsi qu&rsquo;\u00e0 toutes activit\u00e9s li\u00e9es \u00e0 ces domaines.<\/p>\n\n\n\n<p class=\"has-text-align-left\"><br><strong>Article 4 : Si\u00e8ge Social<\/strong><br>Le premier si\u00e8ge social est \u00e9tabli chez M. Combot Pascal Pierre, dans le d\u00e9partement du Finist\u00e8re, au n\u00b042 de la rue de la Lib\u00e9ration, \u00e0 Ploun\u00e9our-Menez ( 29410 ).<\/p>\n\n\n\n<p class=\"has-text-align-left\"><br>Il pourra \u00eatre transf\u00e9r\u00e9 par simple d\u00e9cision du conseil d&rsquo;administration.<\/p>\n\n\n\n<p class=\"has-text-align-left\"><br><strong>Article 5 : Dur\u00e9e<\/strong><br>La dur\u00e9e de l\u2019association est \u00e0 titre ind\u00e9termin\u00e9e.<\/p>\n\n\n\n<p class=\"has-text-align-left\"><br><strong>Article 6 : Composition<\/strong><br>L&rsquo;association se compose de membres actifs ayant librement adh\u00e9r\u00e9 \u00e0 l&rsquo;association pour participer et promouvoir l&rsquo;objet de ses activit\u00e9s.<\/p>\n\n\n\n<p class=\"has-text-align-left\"><br><strong>Article 7 : Admissions<\/strong><br>L\u2019association est ouverte \u00e0 tous, sans conditions ni distinctions. Pour faire partie de l&rsquo;association, il faut \u00eatre agr\u00e9\u00e9 par le conseil d\u2019administration, qui statue, lors de chacune de ses r\u00e9unions, sur les demandes d&rsquo;admission pr\u00e9sent\u00e9es.<br><br><strong>Article 8 : Membres &amp; Cotisations<\/strong><br>Sont membres actifs ceux qui ont pris l&rsquo;engagement de verser une cotisation annuelle dont la somme sera \u00e9tablie par le conseil d\u2019administration.<\/p>\n\n\n\n<p class=\"has-text-align-left\"><br>Sont membres d\u2019honneur , les personnes ayant rendu des services \u00e0 l&rsquo;association.<br>Le montant de la cotisation annuelle sera inscrite dans un r\u00e8glement int\u00e9rieur, modifiable tous les ans \u00e0 date anniversaire apr\u00e8s concertations par l\u2019assembl\u00e9e g\u00e9n\u00e9rale.<\/p>\n\n\n\n<p class=\"has-text-align-left\"><br>Les cotisations per\u00e7ues sont totalement all\u00e9gu\u00e9es au fonctionnement de l&rsquo;association ( activit\u00e9s, frais administratifs, publications\u2026 ).<\/p>\n\n\n\n<p class=\"has-text-align-left\"><br><strong>Article 9 : Perte de qualit\u00e9 de membre<\/strong><br>La qualit\u00e9 de membre se perd par :<\/p>\n\n\n\n<ol>\n<li>La d\u00e9mission; <\/li>\n\n\n\n<li> Le d\u00e9c\u00e8s; <\/li>\n\n\n\n<li> La radiation prononc\u00e9e par le conseil d&rsquo;administration pour non-paiement de la cotisation ou pour motif grave, l&rsquo;int\u00e9ress\u00e9 ayant \u00e9t\u00e9 invit\u00e9 \u00e0 fournir des explications devant le bureau et\/ou par \u00e9crit avant toute d\u00e9cision du conseil d&rsquo;administration concernant ce ou ces motifs de radiation.<\/li>\n<\/ol>\n\n\n\n<p class=\"has-text-align-left\"><strong>Article 10 : Affiliations<\/strong><br>La pr\u00e9sente association peut adh\u00e9rer \u00e0 d\u2019autres associations, unions ou regroupements par d\u00e9cision du conseil d\u2019administration et vote de l&rsquo;assembl\u00e9e g\u00e9n\u00e9rale.<\/p>\n\n\n\n<p class=\"has-text-align-left\"><br><strong>Article 11 : Ressources<\/strong><br>Les ressources de l&rsquo;association comprennent :<\/p>\n\n\n\n<ol>\n<li>Le montant des cotisations de ses membres; <\/li>\n\n\n\n<li>Les subventions de l&rsquo;\u00c9tat, des d\u00e9partements et des communes. <\/li>\n\n\n\n<li>Toutes les ressources autoris\u00e9es par les lois et r\u00e8glements en vigueur ( dons de particuliers, entreprises\u2026 ).<\/li>\n<\/ol>\n\n\n\n<p class=\"has-text-align-left\"><br><strong>Article 12 : Assembl\u00e9e G\u00e9n\u00e9rale Ordinaire<\/strong><br>L&rsquo;assembl\u00e9e g\u00e9n\u00e9rale ordinaire comprend tous les membres de l&rsquo;association \u00e0 quelque titre qu&rsquo;ils soient.<\/p>\n\n\n\n<ul><\/ul>\n\n\n\n<p>Elle se r\u00e9unit au moins une fois par an afin de faire le point sur ses diverses activit\u00e9s.<\/p>\n\n\n\n<p>Quinze jours avant la date de la prochaine Assembl\u00e9e G\u00e9n\u00e9rale, les membres de l&rsquo;association sont convoqu\u00e9s par voix \u00e9lectronique par les soins du secr\u00e9taire.<\/p>\n\n\n\n<p>L&rsquo;ordre du jour figure sur les convocations.<\/p>\n\n\n\n<p>Le pr\u00e9sident, assist\u00e9 des membres du conseil, pr\u00e9side l&rsquo;assembl\u00e9e et expose la situation morale ou l\u2019activit\u00e9 de l&rsquo;association.<\/p>\n\n\n\n<p>Le tr\u00e9sorier rend compte de sa gestion et soumet les comptes annuels ( bilan, compte de r\u00e9sultat et annexe) \u00e0 l&rsquo;approbation de l&rsquo;assembl\u00e9e.<\/p>\n\n\n\n<p>Le secr\u00e9taire enregistre l&rsquo;ensemble de l&rsquo;assembl\u00e9e g\u00e9n\u00e9rale afin d&rsquo;\u00e9tablir un proc\u00e8s-verbal qui sera vers\u00e9 comme pi\u00e8ce administrative aux grands livres de l&rsquo;association.<\/p>\n\n\n\n<p>L\u2019assembl\u00e9e g\u00e9n\u00e9rale fixe le montant de la cotisation annuelle \u00e0 verser par les membres de l&rsquo;association.<\/p>\n\n\n\n<p>Ne peuvent \u00eatre abord\u00e9s en assembl\u00e9e g\u00e9n\u00e9rale, que les points inscrits \u00e0 l&rsquo;ordre du jour.<\/p>\n\n\n\n<p>Les d\u00e9cisions sont prises \u00e0 la majorit\u00e9 des voix des membres pr\u00e9sents ou repr\u00e9sent\u00e9s.<\/p>\n\n\n\n<p>Il est proc\u00e9d\u00e9, \u00e0 chaque date anniversaire de l&rsquo;association, et apr\u00e8s \u00e9puisement de l&rsquo;ordre du jour, au renouvellement des membres sortants du conseil.<\/p>\n\n\n\n<p>Toutes les d\u00e9lib\u00e9rations sont prises par voie \u00e9lectronique.<\/p>\n\n\n\n<p>Les d\u00e9cisions des assembl\u00e9es g\u00e9n\u00e9rales s\u2019imposent \u00e0 tous les membres, y compris absents ou repr\u00e9sent\u00e9s.<\/p>\n\n\n\n<p><br><strong>Article 13 : Assembl\u00e9e G\u00e9n\u00e9rale Extraordinaire<\/strong><br>Si besoin est, ou sur la demande de la moiti\u00e9 plus un des membres, le Pr\u00e9sident peut convoquer une assembl\u00e9e g\u00e9n\u00e9rale extraordinaire, suivant les modalit\u00e9s pr\u00e9vues aux pr\u00e9sents statuts et uniquement pour<br>modification des statuts, mise en sommeil de l&rsquo;association , ou sa dissolution , si aucune autre solution n&rsquo;a pu \u00eatre mise en avant afin d&rsquo;\u00e9viter cet acte ultime.<\/p>\n\n\n\n<p><br>Les modalit\u00e9s de convocation sont les m\u00eames que pour l\u2019assembl\u00e9e g\u00e9n\u00e9rale ordinaire.<\/p>\n\n\n\n<p><br>Les d\u00e9lib\u00e9rations sont prises \u00e0 la majorit\u00e9 des membres pr\u00e9sents ou repr\u00e9sent\u00e9s.<br><br><strong>Article 14 : Conseil d&rsquo;Administration<\/strong><br>L&rsquo;association est dirig\u00e9e par un conseil d&rsquo;administration de 3 membres, \u00e9lus pour 1 ann\u00e9e par l&rsquo;assembl\u00e9e g\u00e9n\u00e9rale.<\/p>\n\n\n\n<p><br>Les membres sont r\u00e9\u00e9ligibles.<\/p>\n\n\n\n<p><br>En cas de vacances, le conseil pourvoit provisoirement au remplacement de ses membres par des membres int\u00e9rimaires.<\/p>\n\n\n\n<p><br>Il est proc\u00e9d\u00e9 \u00e0 leur remplacement d\u00e9finitif par la plus prochaine assembl\u00e9e g\u00e9n\u00e9rale.<\/p>\n\n\n\n<p><br>Les pouvoirs des membres ainsi \u00e9lus prennent fin \u00e0 l&rsquo;expiration le mandat des membres remplac\u00e9s.<\/p>\n\n\n\n<p><br>Le conseil d&rsquo;administration se r\u00e9unit tous les mois, lors de l&rsquo;assembl\u00e9e g\u00e9n\u00e9rale.<\/p>\n\n\n\n<p><br>Les d\u00e9cisions sont prises \u00e0 la majorit\u00e9 des voix; en cas de partage, la voix du pr\u00e9sident est pr\u00e9pond\u00e9rante.<\/p>\n\n\n\n<p><br>Tout membre du conseil qui, sans excuse, n&rsquo;aura pas assist\u00e9 \u00e0 trois r\u00e9unions cons\u00e9cutives sans avoir donn\u00e9 d&rsquo;excuse concernant son absence sera consid\u00e9r\u00e9 comme d\u00e9missionnaire.<\/p>\n\n\n\n<p><strong>Article 15 : Le Bureau<\/strong><br>L\u2019assembl\u00e9e g\u00e9n\u00e9rale \u00e9lit parmi ses membres, par voie \u00e9lectronique, le bureau du conseil d&rsquo;administration compos\u00e9 de :<\/p>\n\n\n\n<ul>\n<li>Un pr\u00e9sident: M. Combot Pascal Pierre <\/li>\n\n\n\n<li>Un secr\u00e9taire: M. Rosel Ivan <\/li>\n\n\n\n<li>Un tr\u00e9sorier: M. Professo Benedetto<\/li>\n<\/ul>\n\n\n\n<p>Chaque poste \u00e9tant indispensable au bon d\u00e9roulement des actes de l&rsquo;association et dans un souci d&rsquo;efficacit\u00e9 des membres de l&rsquo;association dans leurs t\u00e2ches respectives , les postes d\u00e9sign\u00e9s ne sont pas cumulables ( un membre, un poste, un acte ) .<\/p>\n\n\n\n<p><br><strong>Article 16 : Indemnit\u00e9s<\/strong><br>Toutes les fonctions, y compris celles des membres du conseil d\u2019administration et du bureau, sont prises \u00e0 titre b\u00e9n\u00e9vole.<\/p>\n\n\n\n<p><br>Seuls les frais occasionn\u00e9s par l\u2019accomplissement de leur mandat sont rembours\u00e9s sur justificatifs, ces frais ayant \u00e9t\u00e9 pr\u00e9alablement valid\u00e9s par le bureau.<\/p>\n\n\n\n<p><br>Le rapport financier pr\u00e9sent\u00e9 \u00e0 l\u2019assembl\u00e9e g\u00e9n\u00e9rale ordinaire pr\u00e9sente, par b\u00e9n\u00e9ficiaire, les remboursements de frais de mission, de d\u00e9placement ou de repr\u00e9sentation.<br><br><strong>Article 17 : R\u00e8glement Int\u00e9rieur<\/strong><br>Un r\u00e8glement int\u00e9rieur sera \u00e9tabli par le conseil d&rsquo;administration, qui le fera alors approuver chaque ann\u00e9e, \u00e0 date anniversaire, par l&rsquo;assembl\u00e9e g\u00e9n\u00e9rale.<\/p>\n\n\n\n<p><br>Ce r\u00e8glement est destin\u00e9 \u00e0 fixer les divers points non pr\u00e9vus par les pr\u00e9sents statuts, notamment ceux qui ont trait \u00e0 l&rsquo;administration interne de l&rsquo;association.<\/p>\n\n\n\n<p><br><strong>Article 18 : Mise en sommeil de l&rsquo;association<\/strong><br>En cas de difficult\u00e9s passag\u00e8re, le conseil d&rsquo;administration peut voter la mise en sommeil de l&rsquo;association le temps n\u00e9cessaire \u00e0 la r\u00e9solution des difficult\u00e9s rencontr\u00e9es, \u00e9vitant ainsi sa dissolution.<\/p>\n\n\n\n<p><br><strong>Article 19 : Dissolution<\/strong><br>En cas de dissolution prononc\u00e9e selon les modalit\u00e9s pr\u00e9vues \u00e0 l\u2019article 13, un ou plusieurs liquidateurs sont nomm\u00e9s, et l&rsquo;actif net, s&rsquo;il y a lieu, est d\u00e9volu \u00e0 un organisme ayant un but non lucratif conform\u00e9ment aux d\u00e9cisions de l\u2019assembl\u00e9e g\u00e9n\u00e9rale extraordinaire qui statue sur la<br>dissolution.<\/p>\n\n\n\n<p><br>L\u2019actif net ne peut \u00eatre d\u00e9volu \u00e0 un membre de l\u2019association, m\u00eame partiellement, sauf reprise d&rsquo;un projet associatif similaire, et uniquement sur accord express des liquidateurs qui auront en charge de<br>v\u00e9rifier la validit\u00e9 de la dite demande.<\/p>\n\n\n\n<p class=\"has-text-align-left\"><br><strong>Article 20 : Registres &amp; Pi\u00e8ces Administratives<\/strong><br>L&rsquo;ensemble des registres et comptes annuels, tels que d\u00e9finis \u00e0 l\u2019article 11, sont archiv\u00e9s en version num\u00e9rique, par l&rsquo;association, a son si\u00e8ge social ou chez un des membres du bureau qui se porte garant de leur bonne et compl\u00e8te conservation.<\/p>\n\n\n\n<p class=\"has-text-align-left\"><br>L\u2019association s\u2019engage \u00e0 pr\u00e9senter ses registres et pi\u00e8ces de comptabilit\u00e9 sur toute r\u00e9quisition des autorit\u00e9s administratives comp\u00e9tentes, \u00e0 laisser visiter ses \u00e9tablissements par les repr\u00e9sentants de ces autorit\u00e9s comp\u00e9tentes et \u00e0 leur rendre compte du fonctionnement des dits \u00e9tablissements.<br><br><strong>Article 21 : Signataires des Statuts<\/strong><br>Les pr\u00e9sents statuts adopt\u00e9s, les premiers membres du conseil<br>d&rsquo;administration prenant en ce jour leurs fonctions.<br><br><\/p>\n\n\n\n<p class=\"has-text-align-center\"><strong>Pour le poste de Pr\u00e9sidence :<\/strong><\/p>\n\n\n\n<p class=\"has-text-align-center\">M. Combot Pascal Pierre<br><br><strong>Pour le poste de Secr\u00e9tariat :<\/strong><br>M. Rosel Ivan<br><br><strong>Pour le poste de Tr\u00e9sorerie :<\/strong><br>M. Professo Benedetto<br><\/p>\n","protected":false},"excerpt":{"rendered":"<p>ASSOCIATIONASGARDIENS DE FRANCESTATUTS DE L&rsquo;ASSOCIATION Adopt\u00e9s le : 29 Mai 2021Organisme Non Gouvernemental Article 1 : FondationIl est fond\u00e9 ce jour, 29 Mai 2021, entre les adh\u00e9rents aux pr\u00e9sents statuts de 6 pages, une association \u00e0 but non lucratif r\u00e9gie par la loi du 1er Juillet 1901 et le d\u00e9cret du 16 Ao\u00fbt 1901 de&hellip; <br \/> <a class=\"read-more\" href=\"https:\/\/asgardiens.org\/index.php\/statuts\/\">Lire la suite<\/a><\/p>\n","protected":false},"author":2,"featured_media":0,"parent":0,"menu_order":0,"comment_status":"closed","ping_status":"closed","template":"","meta":{"_monsterinsights_skip_tracking":false,"_monsterinsights_sitenote_active":false,"_monsterinsights_sitenote_note":"","_monsterinsights_sitenote_category":0},"yoast_head":"<!-- This site is optimized with the Yoast SEO plugin v20.7 - https:\/\/yoast.com\/wordpress\/plugins\/seo\/ -->\n<title>Statuts - Asgardiens de France<\/title>\n<meta name=\"robots\" content=\"index, follow, max-snippet:-1, max-image-preview:large, max-video-preview:-1\" \/>\n<link rel=\"canonical\" href=\"https:\/\/asgardiens.org\/index.php\/statuts\/\" \/>\n<meta property=\"og:locale\" content=\"fr_FR\" \/>\n<meta property=\"og:type\" content=\"article\" \/>\n<meta property=\"og:title\" content=\"Statuts - Asgardiens de France\" \/>\n<meta property=\"og:description\" content=\"ASSOCIATIONASGARDIENS DE FRANCESTATUTS DE L&rsquo;ASSOCIATION Adopt\u00e9s le : 29 Mai 2021Organisme Non Gouvernemental Article 1 : FondationIl est fond\u00e9 ce jour, 29 Mai 2021, entre les adh\u00e9rents aux pr\u00e9sents statuts de 6 pages, une association \u00e0 but non lucratif r\u00e9gie par la loi du 1er Juillet 1901 et le d\u00e9cret du 16 Ao\u00fbt 1901 de&hellip; Lire la suite\" \/>\n<meta property=\"og:url\" content=\"https:\/\/asgardiens.org\/index.php\/statuts\/\" \/>\n<meta property=\"og:site_name\" content=\"Asgardiens de France\" \/>\n<meta property=\"article:publisher\" content=\"https:\/\/www.facebook.com\/Asgardiensdefrance\" \/>\n<meta property=\"article:modified_time\" content=\"2023-01-29T11:07:22+00:00\" \/>\n<meta name=\"twitter:card\" content=\"summary_large_image\" \/>\n<meta name=\"twitter:site\" content=\"@AsgardiensDeFr\" \/>\n<meta name=\"twitter:label1\" content=\"Dur\u00e9e de lecture estim\u00e9e\" \/>\n\t<meta name=\"twitter:data1\" content=\"7 minutes\" \/>\n<script type=\"application\/ld+json\" class=\"yoast-schema-graph\">{\"@context\":\"https:\/\/schema.org\",\"@graph\":[{\"@type\":\"WebPage\",\"@id\":\"https:\/\/asgardiens.org\/index.php\/statuts\/\",\"url\":\"https:\/\/asgardiens.org\/index.php\/statuts\/\",\"name\":\"Statuts - Asgardiens de France\",\"isPartOf\":{\"@id\":\"https:\/\/asgardiens.org\/#website\"},\"datePublished\":\"2021-10-25T18:50:18+00:00\",\"dateModified\":\"2023-01-29T11:07:22+00:00\",\"breadcrumb\":{\"@id\":\"https:\/\/asgardiens.org\/index.php\/statuts\/#breadcrumb\"},\"inLanguage\":\"fr-FR\",\"potentialAction\":[{\"@type\":\"ReadAction\",\"target\":[\"https:\/\/asgardiens.org\/index.php\/statuts\/\"]}]},{\"@type\":\"BreadcrumbList\",\"@id\":\"https:\/\/asgardiens.org\/index.php\/statuts\/#breadcrumb\",\"itemListElement\":[{\"@type\":\"ListItem\",\"position\":1,\"name\":\"Accueil\",\"item\":\"https:\/\/asgardiens.org\/\"},{\"@type\":\"ListItem\",\"position\":2,\"name\":\"Statuts\"}]},{\"@type\":\"WebSite\",\"@id\":\"https:\/\/asgardiens.org\/#website\",\"url\":\"https:\/\/asgardiens.org\/\",\"name\":\"Asgardiens de France\",\"description\":\"Les Asgardiens de France, supporters de la premi\u00e8re Nation spatiale de l\u2019histoire de l\u2019Humanit\u00e9.\",\"publisher\":{\"@id\":\"https:\/\/asgardiens.org\/#organization\"},\"alternateName\":\"Supporters du projet ASGARDIA\",\"potentialAction\":[{\"@type\":\"SearchAction\",\"target\":{\"@type\":\"EntryPoint\",\"urlTemplate\":\"https:\/\/asgardiens.org\/?s={search_term_string}\"},\"query-input\":\"required name=search_term_string\"}],\"inLanguage\":\"fr-FR\"},{\"@type\":\"Organization\",\"@id\":\"https:\/\/asgardiens.org\/#organization\",\"name\":\"Asgardiens de France\",\"alternateName\":\"ASGARDIA France\",\"url\":\"https:\/\/asgardiens.org\/\",\"logo\":{\"@type\":\"ImageObject\",\"inLanguage\":\"fr-FR\",\"@id\":\"https:\/\/asgardiens.org\/#\/schema\/logo\/image\/\",\"url\":\"https:\/\/asgardiens.org\/wp-content\/uploads\/2021\/10\/cropped-11Plan-de-travail-1-100.jpg\",\"contentUrl\":\"https:\/\/asgardiens.org\/wp-content\/uploads\/2021\/10\/cropped-11Plan-de-travail-1-100.jpg\",\"width\":178,\"height\":170,\"caption\":\"Asgardiens de France\"},\"image\":{\"@id\":\"https:\/\/asgardiens.org\/#\/schema\/logo\/image\/\"},\"sameAs\":[\"https:\/\/www.facebook.com\/Asgardiensdefrance\",\"https:\/\/twitter.com\/AsgardiensDeFr\",\"https:\/\/www.linkedin.com\/in\/asgardiens-de-france-a778a1210\/\"]}]}<\/script>\n<!-- \/ Yoast SEO plugin. -->","yoast_head_json":{"title":"Statuts - Asgardiens de France","robots":{"index":"index","follow":"follow","max-snippet":"max-snippet:-1","max-image-preview":"max-image-preview:large","max-video-preview":"max-video-preview:-1"},"canonical":"https:\/\/asgardiens.org\/index.php\/statuts\/","og_locale":"fr_FR","og_type":"article","og_title":"Statuts - Asgardiens de France","og_description":"ASSOCIATIONASGARDIENS DE FRANCESTATUTS DE L&rsquo;ASSOCIATION Adopt\u00e9s le : 29 Mai 2021Organisme Non Gouvernemental Article 1 : FondationIl est fond\u00e9 ce jour, 29 Mai 2021, entre les adh\u00e9rents aux pr\u00e9sents statuts de 6 pages, une association \u00e0 but non lucratif r\u00e9gie par la loi du 1er Juillet 1901 et le d\u00e9cret du 16 Ao\u00fbt 1901 de&hellip; Lire la suite","og_url":"https:\/\/asgardiens.org\/index.php\/statuts\/","og_site_name":"Asgardiens de France","article_publisher":"https:\/\/www.facebook.com\/Asgardiensdefrance","article_modified_time":"2023-01-29T11:07:22+00:00","twitter_card":"summary_large_image","twitter_site":"@AsgardiensDeFr","twitter_misc":{"Dur\u00e9e de lecture estim\u00e9e":"7 minutes"},"schema":{"@context":"https:\/\/schema.org","@graph":[{"@type":"WebPage","@id":"https:\/\/asgardiens.org\/index.php\/statuts\/","url":"https:\/\/asgardiens.org\/index.php\/statuts\/","name":"Statuts - Asgardiens de France","isPartOf":{"@id":"https:\/\/asgardiens.org\/#website"},"datePublished":"2021-10-25T18:50:18+00:00","dateModified":"2023-01-29T11:07:22+00:00","breadcrumb":{"@id":"https:\/\/asgardiens.org\/index.php\/statuts\/#breadcrumb"},"inLanguage":"fr-FR","potentialAction":[{"@type":"ReadAction","target":["https:\/\/asgardiens.org\/index.php\/statuts\/"]}]},{"@type":"BreadcrumbList","@id":"https:\/\/asgardiens.org\/index.php\/statuts\/#breadcrumb","itemListElement":[{"@type":"ListItem","position":1,"name":"Accueil","item":"https:\/\/asgardiens.org\/"},{"@type":"ListItem","position":2,"name":"Statuts"}]},{"@type":"WebSite","@id":"https:\/\/asgardiens.org\/#website","url":"https:\/\/asgardiens.org\/","name":"Asgardiens de France","description":"Les Asgardiens de France, supporters de la premi\u00e8re Nation spatiale de l\u2019histoire de l\u2019Humanit\u00e9.","publisher":{"@id":"https:\/\/asgardiens.org\/#organization"},"alternateName":"Supporters du projet ASGARDIA","potentialAction":[{"@type":"SearchAction","target":{"@type":"EntryPoint","urlTemplate":"https:\/\/asgardiens.org\/?s={search_term_string}"},"query-input":"required name=search_term_string"}],"inLanguage":"fr-FR"},{"@type":"Organization","@id":"https:\/\/asgardiens.org\/#organization","name":"Asgardiens de France","alternateName":"ASGARDIA France","url":"https:\/\/asgardiens.org\/","logo":{"@type":"ImageObject","inLanguage":"fr-FR","@id":"https:\/\/asgardiens.org\/#\/schema\/logo\/image\/","url":"https:\/\/asgardiens.org\/wp-content\/uploads\/2021\/10\/cropped-11Plan-de-travail-1-100.jpg","contentUrl":"https:\/\/asgardiens.org\/wp-content\/uploads\/2021\/10\/cropped-11Plan-de-travail-1-100.jpg","width":178,"height":170,"caption":"Asgardiens de France"},"image":{"@id":"https:\/\/asgardiens.org\/#\/schema\/logo\/image\/"},"sameAs":["https:\/\/www.facebook.com\/Asgardiensdefrance","https:\/\/twitter.com\/AsgardiensDeFr","https:\/\/www.linkedin.com\/in\/asgardiens-de-france-a778a1210\/"]}]}},"_links":{"self":[{"href":"https:\/\/asgardiens.org\/index.php\/wp-json\/wp\/v2\/pages\/94"}],"collection":[{"href":"https:\/\/asgardiens.org\/index.php\/wp-json\/wp\/v2\/pages"}],"about":[{"href":"https:\/\/asgardiens.org\/index.php\/wp-json\/wp\/v2\/types\/page"}],"author":[{"embeddable":true,"href":"https:\/\/asgardiens.org\/index.php\/wp-json\/wp\/v2\/users\/2"}],"replies":[{"embeddable":true,"href":"https:\/\/asgardiens.org\/index.php\/wp-json\/wp\/v2\/comments?post=94"}],"version-history":[{"count":5,"href":"https:\/\/asgardiens.org\/index.php\/wp-json\/wp\/v2\/pages\/94\/revisions"}],"predecessor-version":[{"id":353,"href":"https:\/\/asgardiens.org\/index.php\/wp-json\/wp\/v2\/pages\/94\/revisions\/353"}],"wp:attachment":[{"href":"https:\/\/asgardiens.org\/index.php\/wp-json\/wp\/v2\/media?parent=94"}],"curies":[{"name":"wp","href":"https:\/\/api.w.org\/{rel}","templated":true}]}}