{"id":96,"date":"2021-10-25T20:50:18","date_gmt":"2021-10-25T18:50:18","guid":{"rendered":"http:\/\/asgardiens.org\/?page_id=96"},"modified":"2021-11-03T12:09:14","modified_gmt":"2021-11-03T11:09:14","slug":"rencontres-par-regions-departement-ou-villes","status":"publish","type":"page","link":"https:\/\/asgardiens.org\/index.php\/rencontres-par-regions-departement-ou-villes\/","title":{"rendered":"Rencontres par r\u00e9gions, d\u00e9partement ou villes"},"content":{"rendered":"\n<p>La devise d\u2019Asgardia est : \u00ab&nbsp;Une humanit\u00e9 &#8211; Une Unit\u00e9&nbsp;\u00bb, l\u2019association Asgardiens de France met en place une op\u00e9ration dont le but est de permettre aux Asgardiens de pouvoirs se rencontrer dans le cadre de rendez-vous publics.<\/p>\n\n\n\n<p>Pour nous aider dans l&rsquo;organisation de ces derni\u00e8res, communiqu\u00e9 nous la ville dans laquelle vous souhaiteriez participer \u00e0 de tels rencontres au travers du formulaire de contact. Nous g\u00e9rerons les int\u00e9r\u00eat de chacun, ville par ville, pour faciliter ces rencontres.<\/p>\n\n\n\n<div class=\"is-layout-flex wp-container-4 wp-block-columns\">\n<div class=\"is-layout-flow wp-block-column\" style=\"flex-basis:25%\">\n<figure class=\"wp-block-image size-full\"><img decoding=\"async\" loading=\"lazy\" width=\"697\" height=\"882\" src=\"https:\/\/asgardiens.org\/wp-content\/uploads\/2021\/11\/AMV-2.jpg\" alt=\"\" class=\"wp-image-226\" srcset=\"https:\/\/asgardiens.org\/wp-content\/uploads\/2021\/11\/AMV-2.jpg 697w, https:\/\/asgardiens.org\/wp-content\/uploads\/2021\/11\/AMV-2-237x300.jpg 237w\" sizes=\"(max-width: 697px) 100vw, 697px\" \/><\/figure>\n<\/div>\n\n\n\n<div class=\"is-layout-flow wp-block-column\">\n<div class=\"wp-block-contact-form-7-contact-form-selector\">\n<div class=\"wpcf7 no-js\" id=\"wpcf7-f214-o1\" lang=\"fr-FR\" dir=\"ltr\">\n<div class=\"screen-reader-response\"><p role=\"status\" aria-live=\"polite\" aria-atomic=\"true\"><\/p> <ul><\/ul><\/div>\n<form action=\"\/index.php\/wp-json\/wp\/v2\/pages\/96#wpcf7-f214-o1\" method=\"post\" class=\"wpcf7-form init\" aria-label=\"Formulaire de contact\" novalidate=\"novalidate\" data-status=\"init\">\n<div style=\"display: none;\">\n<input type=\"hidden\" name=\"_wpcf7\" value=\"214\" \/>\n<input type=\"hidden\" name=\"_wpcf7_version\" value=\"5.7.6\" \/>\n<input type=\"hidden\" name=\"_wpcf7_locale\" value=\"fr_FR\" \/>\n<input type=\"hidden\" name=\"_wpcf7_unit_tag\" value=\"wpcf7-f214-o1\" \/>\n<input type=\"hidden\" name=\"_wpcf7_container_post\" value=\"0\" \/>\n<input type=\"hidden\" name=\"_wpcf7_posted_data_hash\" value=\"\" \/>\n<\/div>\n<p><label> Votre nom<br \/>\n<span class=\"wpcf7-form-control-wrap\" data-name=\"your-name\"><input size=\"40\" class=\"wpcf7-form-control wpcf7-text wpcf7-validates-as-required\" aria-required=\"true\" aria-invalid=\"false\" value=\"\" type=\"text\" name=\"your-name\" \/><\/span> <\/label>\n<\/p>\n<p><label> Votre e-mail<br \/>\n<span class=\"wpcf7-form-control-wrap\" data-name=\"your-email\"><input size=\"40\" class=\"wpcf7-form-control wpcf7-text wpcf7-email wpcf7-validates-as-required wpcf7-validates-as-email\" aria-required=\"true\" aria-invalid=\"false\" value=\"\" type=\"email\" name=\"your-email\" \/><\/span> <\/label>\n<\/p>\n<p><label> Votre d\u00e9partement<br \/>\n<span class=\"wpcf7-form-control-wrap\" data-name=\"size:40\"><select class=\"wpcf7-form-control wpcf7-select\" aria-invalid=\"false\" name=\"size:40\"><option value=\"1\tAin\">1\tAin<\/option><option value=\"2\tAisne\">2\tAisne<\/option><option value=\"3\tAllier\">3\tAllier<\/option><option value=\"4\tAlpes-de-Haute-Provence\">4\tAlpes-de-Haute-Provence<\/option><option value=\"5\tHautes-Alpes\">5\tHautes-Alpes<\/option><option value=\"6\tAlpes-Maritimes\">6\tAlpes-Maritimes<\/option><option value=\"7\tArd\u00e8che\">7\tArd\u00e8che<\/option><option value=\"8\tArdennes\">8\tArdennes<\/option><option value=\"9\tAri\u00e8ge\">9\tAri\u00e8ge<\/option><option value=\"10\tAube\">10\tAube<\/option><option value=\"11\tAude\">11\tAude<\/option><option value=\"12\tAveyron\">12\tAveyron<\/option><option value=\"13\tBouches-du-Rh\u00f4ne\">13\tBouches-du-Rh\u00f4ne<\/option><option value=\"14\tCalvados\">14\tCalvados<\/option><option value=\"15\tCantal\">15\tCantal<\/option><option value=\"16\tCharente\">16\tCharente<\/option><option value=\"17\tCharente-Maritime\">17\tCharente-Maritime<\/option><option value=\"18\tCher\">18\tCher<\/option><option value=\"19\tCorr\u00e8ze\">19\tCorr\u00e8ze<\/option><option value=\"2A\tCorse-du-Sud\">2A\tCorse-du-Sud<\/option><option value=\"2B\tHaute-Corse\">2B\tHaute-Corse<\/option><option value=\"21\tC\u00f4te-d&#039;Or\">21\tC\u00f4te-d&#039;Or<\/option><option value=\"22\tC\u00f4tes-d&#039;Armor\">22\tC\u00f4tes-d&#039;Armor<\/option><option value=\"23\tCreuse\">23\tCreuse<\/option><option value=\"24\tDordogne\">24\tDordogne<\/option><option value=\"25\tDoubs\">25\tDoubs<\/option><option value=\"26\tDr\u00f4me\">26\tDr\u00f4me<\/option><option value=\"27\tEure\">27\tEure<\/option><option value=\"28\tEure-et-Loir\">28\tEure-et-Loir<\/option><option value=\"29\tFinist\u00e8re\">29\tFinist\u00e8re<\/option><option value=\"30\tGard\">30\tGard<\/option><option value=\"31\tHaute-Garonne\">31\tHaute-Garonne<\/option><option value=\"32\tGers\">32\tGers<\/option><option value=\"33\tGironde\">33\tGironde<\/option><option value=\"34\tH\u00e9rault\">34\tH\u00e9rault<\/option><option value=\"35\tIlle-et-Vilaine\">35\tIlle-et-Vilaine<\/option><option value=\"36\tIndre\">36\tIndre<\/option><option value=\"37\tIndre-et-Loire\">37\tIndre-et-Loire<\/option><option value=\"38\tIs\u00e8re\">38\tIs\u00e8re<\/option><option value=\"39\tJura\">39\tJura<\/option><option value=\"40\tLandes\">40\tLandes<\/option><option value=\"41\tLoir-et-Cher\">41\tLoir-et-Cher<\/option><option value=\"42\tLoire\">42\tLoire<\/option><option value=\"43\tHaute-Loire\">43\tHaute-Loire<\/option><option value=\"44\tLoire-Atlantique\">44\tLoire-Atlantique<\/option><option value=\"45\tLoiret\">45\tLoiret<\/option><option value=\"46\tLot\">46\tLot<\/option><option value=\"47\tLot-et-Garonne\">47\tLot-et-Garonne<\/option><option value=\"48\tLoz\u00e8re\">48\tLoz\u00e8re<\/option><option value=\"49\tMaine-et-Loire\">49\tMaine-et-Loire<\/option><option value=\"50\tManche\">50\tManche<\/option><option value=\"51\tMarne\">51\tMarne<\/option><option value=\"52\tHaute-Marne\">52\tHaute-Marne<\/option><option value=\"53\tMayenne\">53\tMayenne<\/option><option value=\"54\tMeurthe-et-Moselle\">54\tMeurthe-et-Moselle<\/option><option value=\"55\tMeuse\">55\tMeuse<\/option><option value=\"56\tMorbihan\">56\tMorbihan<\/option><option value=\"57\tMoselle\">57\tMoselle<\/option><option value=\"58\tNi\u00e8vre\">58\tNi\u00e8vre<\/option><option value=\"59\tNord\">59\tNord<\/option><option value=\"60\tOise\">60\tOise<\/option><option value=\"61\tOrne\">61\tOrne<\/option><option value=\"62\tPas-de-Calais\">62\tPas-de-Calais<\/option><option value=\"63\tPuy-de-D\u00f4me\">63\tPuy-de-D\u00f4me<\/option><option value=\"64\tPyr\u00e9n\u00e9es-Atlantiques\">64\tPyr\u00e9n\u00e9es-Atlantiques<\/option><option value=\"65\tHautes-Pyr\u00e9n\u00e9es\">65\tHautes-Pyr\u00e9n\u00e9es<\/option><option value=\"66\tPyr\u00e9n\u00e9es-Orientales\">66\tPyr\u00e9n\u00e9es-Orientales<\/option><option value=\"67\tBas-Rhin\">67\tBas-Rhin<\/option><option value=\"68\tHaut-Rhin\">68\tHaut-Rhin<\/option><option value=\"69\tRh\u00f4ne\">69\tRh\u00f4ne<\/option><option value=\"70\tHaute-Sa\u00f4ne\">70\tHaute-Sa\u00f4ne<\/option><option value=\"71\tSa\u00f4ne-et-Loire\">71\tSa\u00f4ne-et-Loire<\/option><option value=\"72\tSarthe\">72\tSarthe<\/option><option value=\"73\tSavoie\">73\tSavoie<\/option><option value=\"74\tHaute-Savoie\">74\tHaute-Savoie<\/option><option value=\"75\tParis\">75\tParis<\/option><option value=\"76\tSeine-Maritime\">76\tSeine-Maritime<\/option><option value=\"77\tSeine-et-Marne\">77\tSeine-et-Marne<\/option><option value=\"78\tYvelines\">78\tYvelines<\/option><option value=\"79\tDeux-S\u00e8vres\">79\tDeux-S\u00e8vres<\/option><option value=\"80\tSomme\">80\tSomme<\/option><option value=\"81\tTarn\">81\tTarn<\/option><option value=\"82\tTarn-et-Garonne\">82\tTarn-et-Garonne<\/option><option value=\"83\tVar\">83\tVar<\/option><option value=\"84\tVaucluse\">84\tVaucluse<\/option><option value=\"85\tVend\u00e9e\">85\tVend\u00e9e<\/option><option value=\"86\tVienne\">86\tVienne<\/option><option value=\"87\tHaute-Vienne\">87\tHaute-Vienne<\/option><option value=\"88\tVosges\">88\tVosges<\/option><option value=\"89\tYonne\">89\tYonne<\/option><option value=\"90\tTerritoire de Belfort\">90\tTerritoire de Belfort<\/option><option value=\"91\tEssonne\">91\tEssonne<\/option><option value=\"92\tHauts-de-Seine\">92\tHauts-de-Seine<\/option><option value=\"93\tSeine-Saint-Denis\">93\tSeine-Saint-Denis<\/option><option value=\"94\tVal-de-Marne\">94\tVal-de-Marne<\/option><option value=\"95\tVal-d&#039;Oise\">95\tVal-d&#039;Oise<\/option><option value=\"971\tGuadeloupe\">971\tGuadeloupe<\/option><option value=\"972\tMartinique\">972\tMartinique<\/option><option value=\"973\tGuyane\">973\tGuyane<\/option><option value=\"974\tLa R\u00e9union\">974\tLa R\u00e9union<\/option><option value=\"976\tMayotte\">976\tMayotte<\/option><\/select><\/span> <\/label>\n<\/p>\n<p><input class=\"wpcf7-form-control has-spinner wpcf7-submit\" type=\"submit\" value=\"Envoyer\" \/>\n<\/p><div class=\"wpcf7-response-output\" aria-hidden=\"true\"><\/div>\n<\/form>\n<\/div>\n<\/div>\n<\/div>\n\n\n\n<div class=\"is-layout-flow wp-block-column\" style=\"flex-basis:25%\">\n<figure class=\"wp-block-image size-full\"><img decoding=\"async\" loading=\"lazy\" width=\"300\" height=\"600\" src=\"https:\/\/asgardiens.org\/wp-content\/uploads\/2021\/11\/Banderolle-avatars.jpg\" alt=\"\" class=\"wp-image-228\" srcset=\"https:\/\/asgardiens.org\/wp-content\/uploads\/2021\/11\/Banderolle-avatars.jpg 300w, https:\/\/asgardiens.org\/wp-content\/uploads\/2021\/11\/Banderolle-avatars-150x300.jpg 150w\" sizes=\"(max-width: 300px) 100vw, 300px\" \/><\/figure>\n<\/div>\n<\/div>\n\n\n\n<p>Les volontaires pourront prendre en charge l&rsquo;organisation des ces \u00e9v\u00e8nements. Ces rencontres seront gratuites.<\/p>\n\n\n\n<p><\/p>\n\n\n\n<p><\/p>\n","protected":false},"excerpt":{"rendered":"<p>La devise d\u2019Asgardia est : \u00ab&nbsp;Une humanit\u00e9 &#8211; Une Unit\u00e9&nbsp;\u00bb, l\u2019association Asgardiens de France met en place une op\u00e9ration dont le but est de permettre aux Asgardiens de pouvoirs se rencontrer dans le cadre de rendez-vous publics. Pour nous aider dans l&rsquo;organisation de ces derni\u00e8res, communiqu\u00e9 nous la ville dans laquelle vous souhaiteriez participer \u00e0&hellip; <br \/> <a class=\"read-more\" href=\"https:\/\/asgardiens.org\/index.php\/rencontres-par-regions-departement-ou-villes\/\">Lire la suite<\/a><\/p>\n","protected":false},"author":2,"featured_media":0,"parent":0,"menu_order":0,"comment_status":"closed","ping_status":"closed","template":"","meta":{"_monsterinsights_skip_tracking":false,"_monsterinsights_sitenote_active":false,"_monsterinsights_sitenote_note":"","_monsterinsights_sitenote_category":0},"yoast_head":"<!-- This site is optimized with the Yoast SEO plugin v20.7 - https:\/\/yoast.com\/wordpress\/plugins\/seo\/ -->\n<title>Rencontres par r\u00e9gions, d\u00e9partement ou villes - Asgardiens de France<\/title>\n<meta name=\"robots\" content=\"index, follow, max-snippet:-1, max-image-preview:large, max-video-preview:-1\" \/>\n<link rel=\"canonical\" href=\"https:\/\/asgardiens.org\/index.php\/rencontres-par-regions-departement-ou-villes\/\" \/>\n<meta property=\"og:locale\" content=\"fr_FR\" \/>\n<meta property=\"og:type\" content=\"article\" \/>\n<meta property=\"og:title\" content=\"Rencontres par r\u00e9gions, d\u00e9partement ou villes - Asgardiens de France\" \/>\n<meta property=\"og:description\" content=\"La devise d\u2019Asgardia est : \u00ab&nbsp;Une humanit\u00e9 &#8211; Une Unit\u00e9&nbsp;\u00bb, l\u2019association Asgardiens de France met en place une op\u00e9ration dont le but est de permettre aux Asgardiens de pouvoirs se rencontrer dans le cadre de rendez-vous publics. Pour nous aider dans l&rsquo;organisation de ces derni\u00e8res, communiqu\u00e9 nous la ville dans laquelle vous souhaiteriez participer \u00e0&hellip; Lire la suite\" \/>\n<meta property=\"og:url\" content=\"https:\/\/asgardiens.org\/index.php\/rencontres-par-regions-departement-ou-villes\/\" \/>\n<meta property=\"og:site_name\" content=\"Asgardiens de France\" \/>\n<meta property=\"article:publisher\" content=\"https:\/\/www.facebook.com\/Asgardiensdefrance\" \/>\n<meta property=\"article:modified_time\" content=\"2021-11-03T11:09:14+00:00\" \/>\n<meta property=\"og:image\" content=\"http:\/\/asgardiens.org\/wp-content\/uploads\/2021\/11\/AMV-2.jpg\" \/>\n<meta name=\"twitter:card\" content=\"summary_large_image\" \/>\n<meta name=\"twitter:site\" content=\"@AsgardiensDeFr\" \/>\n<meta name=\"twitter:label1\" content=\"Dur\u00e9e de lecture estim\u00e9e\" \/>\n\t<meta name=\"twitter:data1\" content=\"1 minute\" \/>\n<script type=\"application\/ld+json\" class=\"yoast-schema-graph\">{\"@context\":\"https:\/\/schema.org\",\"@graph\":[{\"@type\":\"WebPage\",\"@id\":\"https:\/\/asgardiens.org\/index.php\/rencontres-par-regions-departement-ou-villes\/\",\"url\":\"https:\/\/asgardiens.org\/index.php\/rencontres-par-regions-departement-ou-villes\/\",\"name\":\"Rencontres par r\u00e9gions, d\u00e9partement ou villes - Asgardiens de France\",\"isPartOf\":{\"@id\":\"https:\/\/asgardiens.org\/#website\"},\"datePublished\":\"2021-10-25T18:50:18+00:00\",\"dateModified\":\"2021-11-03T11:09:14+00:00\",\"breadcrumb\":{\"@id\":\"https:\/\/asgardiens.org\/index.php\/rencontres-par-regions-departement-ou-villes\/#breadcrumb\"},\"inLanguage\":\"fr-FR\",\"potentialAction\":[{\"@type\":\"ReadAction\",\"target\":[\"https:\/\/asgardiens.org\/index.php\/rencontres-par-regions-departement-ou-villes\/\"]}]},{\"@type\":\"BreadcrumbList\",\"@id\":\"https:\/\/asgardiens.org\/index.php\/rencontres-par-regions-departement-ou-villes\/#breadcrumb\",\"itemListElement\":[{\"@type\":\"ListItem\",\"position\":1,\"name\":\"Accueil\",\"item\":\"https:\/\/asgardiens.org\/\"},{\"@type\":\"ListItem\",\"position\":2,\"name\":\"Rencontres par r\u00e9gions, d\u00e9partement ou villes\"}]},{\"@type\":\"WebSite\",\"@id\":\"https:\/\/asgardiens.org\/#website\",\"url\":\"https:\/\/asgardiens.org\/\",\"name\":\"Asgardiens de France\",\"description\":\"Les Asgardiens de France, supporters de la premi\u00e8re Nation spatiale de l\u2019histoire de l\u2019Humanit\u00e9.\",\"publisher\":{\"@id\":\"https:\/\/asgardiens.org\/#organization\"},\"alternateName\":\"Supporters du projet ASGARDIA\",\"potentialAction\":[{\"@type\":\"SearchAction\",\"target\":{\"@type\":\"EntryPoint\",\"urlTemplate\":\"https:\/\/asgardiens.org\/?s={search_term_string}\"},\"query-input\":\"required name=search_term_string\"}],\"inLanguage\":\"fr-FR\"},{\"@type\":\"Organization\",\"@id\":\"https:\/\/asgardiens.org\/#organization\",\"name\":\"Asgardiens de France\",\"alternateName\":\"ASGARDIA France\",\"url\":\"https:\/\/asgardiens.org\/\",\"logo\":{\"@type\":\"ImageObject\",\"inLanguage\":\"fr-FR\",\"@id\":\"https:\/\/asgardiens.org\/#\/schema\/logo\/image\/\",\"url\":\"https:\/\/asgardiens.org\/wp-content\/uploads\/2021\/10\/cropped-11Plan-de-travail-1-100.jpg\",\"contentUrl\":\"https:\/\/asgardiens.org\/wp-content\/uploads\/2021\/10\/cropped-11Plan-de-travail-1-100.jpg\",\"width\":178,\"height\":170,\"caption\":\"Asgardiens de France\"},\"image\":{\"@id\":\"https:\/\/asgardiens.org\/#\/schema\/logo\/image\/\"},\"sameAs\":[\"https:\/\/www.facebook.com\/Asgardiensdefrance\",\"https:\/\/twitter.com\/AsgardiensDeFr\",\"https:\/\/www.linkedin.com\/in\/asgardiens-de-france-a778a1210\/\"]}]}<\/script>\n<!-- \/ Yoast SEO plugin. -->","yoast_head_json":{"title":"Rencontres par r\u00e9gions, d\u00e9partement ou villes - Asgardiens de France","robots":{"index":"index","follow":"follow","max-snippet":"max-snippet:-1","max-image-preview":"max-image-preview:large","max-video-preview":"max-video-preview:-1"},"canonical":"https:\/\/asgardiens.org\/index.php\/rencontres-par-regions-departement-ou-villes\/","og_locale":"fr_FR","og_type":"article","og_title":"Rencontres par r\u00e9gions, d\u00e9partement ou villes - Asgardiens de France","og_description":"La devise d\u2019Asgardia est : \u00ab&nbsp;Une humanit\u00e9 &#8211; Une Unit\u00e9&nbsp;\u00bb, l\u2019association Asgardiens de France met en place une op\u00e9ration dont le but est de permettre aux Asgardiens de pouvoirs se rencontrer dans le cadre de rendez-vous publics. Pour nous aider dans l&rsquo;organisation de ces derni\u00e8res, communiqu\u00e9 nous la ville dans laquelle vous souhaiteriez participer \u00e0&hellip; Lire la suite","og_url":"https:\/\/asgardiens.org\/index.php\/rencontres-par-regions-departement-ou-villes\/","og_site_name":"Asgardiens de France","article_publisher":"https:\/\/www.facebook.com\/Asgardiensdefrance","article_modified_time":"2021-11-03T11:09:14+00:00","og_image":[{"url":"http:\/\/asgardiens.org\/wp-content\/uploads\/2021\/11\/AMV-2.jpg"}],"twitter_card":"summary_large_image","twitter_site":"@AsgardiensDeFr","twitter_misc":{"Dur\u00e9e de lecture estim\u00e9e":"1 minute"},"schema":{"@context":"https:\/\/schema.org","@graph":[{"@type":"WebPage","@id":"https:\/\/asgardiens.org\/index.php\/rencontres-par-regions-departement-ou-villes\/","url":"https:\/\/asgardiens.org\/index.php\/rencontres-par-regions-departement-ou-villes\/","name":"Rencontres par r\u00e9gions, d\u00e9partement ou villes - Asgardiens de France","isPartOf":{"@id":"https:\/\/asgardiens.org\/#website"},"datePublished":"2021-10-25T18:50:18+00:00","dateModified":"2021-11-03T11:09:14+00:00","breadcrumb":{"@id":"https:\/\/asgardiens.org\/index.php\/rencontres-par-regions-departement-ou-villes\/#breadcrumb"},"inLanguage":"fr-FR","potentialAction":[{"@type":"ReadAction","target":["https:\/\/asgardiens.org\/index.php\/rencontres-par-regions-departement-ou-villes\/"]}]},{"@type":"BreadcrumbList","@id":"https:\/\/asgardiens.org\/index.php\/rencontres-par-regions-departement-ou-villes\/#breadcrumb","itemListElement":[{"@type":"ListItem","position":1,"name":"Accueil","item":"https:\/\/asgardiens.org\/"},{"@type":"ListItem","position":2,"name":"Rencontres par r\u00e9gions, d\u00e9partement ou villes"}]},{"@type":"WebSite","@id":"https:\/\/asgardiens.org\/#website","url":"https:\/\/asgardiens.org\/","name":"Asgardiens de France","description":"Les Asgardiens de France, supporters de la premi\u00e8re Nation spatiale de l\u2019histoire de l\u2019Humanit\u00e9.","publisher":{"@id":"https:\/\/asgardiens.org\/#organization"},"alternateName":"Supporters du projet ASGARDIA","potentialAction":[{"@type":"SearchAction","target":{"@type":"EntryPoint","urlTemplate":"https:\/\/asgardiens.org\/?s={search_term_string}"},"query-input":"required name=search_term_string"}],"inLanguage":"fr-FR"},{"@type":"Organization","@id":"https:\/\/asgardiens.org\/#organization","name":"Asgardiens de France","alternateName":"ASGARDIA France","url":"https:\/\/asgardiens.org\/","logo":{"@type":"ImageObject","inLanguage":"fr-FR","@id":"https:\/\/asgardiens.org\/#\/schema\/logo\/image\/","url":"https:\/\/asgardiens.org\/wp-content\/uploads\/2021\/10\/cropped-11Plan-de-travail-1-100.jpg","contentUrl":"https:\/\/asgardiens.org\/wp-content\/uploads\/2021\/10\/cropped-11Plan-de-travail-1-100.jpg","width":178,"height":170,"caption":"Asgardiens de France"},"image":{"@id":"https:\/\/asgardiens.org\/#\/schema\/logo\/image\/"},"sameAs":["https:\/\/www.facebook.com\/Asgardiensdefrance","https:\/\/twitter.com\/AsgardiensDeFr","https:\/\/www.linkedin.com\/in\/asgardiens-de-france-a778a1210\/"]}]}},"_links":{"self":[{"href":"https:\/\/asgardiens.org\/index.php\/wp-json\/wp\/v2\/pages\/96"}],"collection":[{"href":"https:\/\/asgardiens.org\/index.php\/wp-json\/wp\/v2\/pages"}],"about":[{"href":"https:\/\/asgardiens.org\/index.php\/wp-json\/wp\/v2\/types\/page"}],"author":[{"embeddable":true,"href":"https:\/\/asgardiens.org\/index.php\/wp-json\/wp\/v2\/users\/2"}],"replies":[{"embeddable":true,"href":"https:\/\/asgardiens.org\/index.php\/wp-json\/wp\/v2\/comments?post=96"}],"version-history":[{"count":15,"href":"https:\/\/asgardiens.org\/index.php\/wp-json\/wp\/v2\/pages\/96\/revisions"}],"predecessor-version":[{"id":230,"href":"https:\/\/asgardiens.org\/index.php\/wp-json\/wp\/v2\/pages\/96\/revisions\/230"}],"wp:attachment":[{"href":"https:\/\/asgardiens.org\/index.php\/wp-json\/wp\/v2\/media?parent=96"}],"curies":[{"name":"wp","href":"https:\/\/api.w.org\/{rel}","templated":true}]}}